{"id":12,"date":"2009-06-02T21:41:23","date_gmt":"2009-06-02T20:41:23","guid":{"rendered":"http:\/\/esjoseafonso.com\/wp\/?page_id=12"},"modified":"2022-01-05T18:04:39","modified_gmt":"2022-01-05T17:04:39","slug":"historia","status":"publish","type":"page","link":"https:\/\/www.esjoseafonso.com\/wp\/?page_id=12","title":{"rendered":"Hist\u00f3ria"},"content":{"rendered":"<p style=\"margin-bottom: 0cm; page-break-before: always;\" align=\"justify\">A cria\u00e7\u00e3o da nossa escola deve-se \u00e0 insist\u00eancia de uma forte vontade local que encontramos reflectida, desde finais dos anos 50 at\u00e9 \u00e0 abertura das aulas em 1964, na imprensa regional e nas actas da C\u00e2mara Municipal do Seixal (CMS) e do Conselho Municipal<br \/>\nO desenvolvimento industrial, que j\u00e1 era consider\u00e1vel, pedia m\u00e3o de obra qualificada, num tempo em que apenas as crian\u00e7as com capacidade econ\u00f3mica podiam deslocar-se diariamente \u00e0s escolas de ensino p\u00f3s-prim\u00e1rio mais pr\u00f3ximas, em Almada, Set\u00fabal e Barreiro (eram por esses anos cerca de duas centenas).<br \/>\nE foi a pr\u00f3pria C\u00e2mara que veio a tomar a decis\u00e3o, na sess\u00e3o de 1 de Setembro de 1960, de criar uma Escola T\u00e9cnica Industrial e Comercial, \u201catendendo \u00e0 extrema necessidade da exist\u00eancia de um estabelecimento deste g\u00e9nero neste conselho\u201d.<\/p>\n<p align=\"justify\">&nbsp;<\/p>\n<p style=\"margin-bottom: 0cm;\" align=\"justify\"><strong>\u00c0 procura de casa<\/strong><br \/>\nN\u00e3o se tratando de uma iniciativa do governo, que at\u00e9 ent\u00e3o constru\u00eda os grandes e s\u00f3lidos edif\u00edcios escolares que conhecemos, teve o Munic\u00edpio que responsabilizar-se pelas necess\u00e1rias condi\u00e7\u00f5es f\u00edsicas, o que veio a constituir uma hist\u00f3ria complicada em v\u00e1rios epis\u00f3dios ao longo de quatro anos.<br \/>\nInicialmente a escola esteve para ser instalada na antiga F\u00e1brica de Sardinhas do Seixal (edif\u00edcio onde actualmente funcionam as Finan\u00e7as e a Pol\u00edcia), tendo mesmo sido publicado no Di\u00e1rio do Governo de 3 de Fevereiro de 1961, o aviso de concurso p\u00fablico para adjudica\u00e7\u00e3o das obras de adapta\u00e7\u00e3o.<br \/>\nEsta solu\u00e7\u00e3o vem a ser abandonada no ano seguinte, decidindo a CMS, em Julho de 62, assumir a constru\u00e7\u00e3o de um edif\u00edcio novo para a Escola T\u00e9cnica em terrenos prometidos gratuitamente ao Munic\u00edpio para este fim.<br \/>\nUm ano depois, a empresa Mundet &amp; Companhia, Lda disponibiliza a Casa de Inf\u00e2ncia da sua f\u00e1brica no Seixal para instala\u00e7\u00e3o provis\u00f3ria da Escola.<br \/>\nPor\u00e9m, esta solu\u00e7\u00e3o vem a ser inviabilizada pela pr\u00f3pria Mundet por ter decidido transferir de Lisboa para aquele edif\u00edcio os seus escrit\u00f3rios centrais.<br \/>\nEm contrapartida, a D. Paula Mundet cedeu, a t\u00edtulo provis\u00f3rio, a Creche da f\u00e1brica da Amora, entretanto encerrada. Foi nesse edif\u00edcio que a Escola veio finalmente a abrir, em Novembro de 1964<\/p>\n<p style=\"margin-bottom: 0cm;\" align=\"justify\">&nbsp;<\/p>\n<p style=\"margin-bottom: 0cm;\" align=\"justify\"><strong>Nascimento,&nbsp;crescimento\u2026<\/strong><br \/>\nE aqui ficou instalada durante cinco meses at\u00e9 terminarem as obras (iniciadas logo no m\u00eas seguinte no Bairro das Cavaquinhas) da constru\u00e7\u00e3o da sua casa pr\u00f3pria em pavilh\u00f5es prefabricados (que duraram at\u00e9 serem demolidos em 2004). O t\u00e3o aguardado aconteci\u00admento deu-se no dia 26 de Abril de 1965. A Escola j\u00e1 tinha \u201cpoiso\u201d certo\u2026 e muito espa\u00e7o ao lado para crescer.<\/p>\n<p style=\"margin-bottom: 0cm;\" align=\"justify\">Estas instala\u00e7\u00f5es iniciais foram desde cedo, nos anos de 1966\/68, sucessivamente acrescentadas, sempre a expensas do munic\u00edpio, para&nbsp;garantir a oferta dos cursos industriais e comerciais que a comunidade local reivindicava, destacando-se os pavilh\u00f5es&nbsp; oficinais.<\/p>\n<p style=\"margin-bottom: 0cm;\" align=\"justify\">Em 1968, em virtude da reforma que criou o Ciclo Preparat\u00f3rio do Ensino Secund\u00e1rio (correspondente ao actual 2\u00ba Ciclo do Ensino B\u00e1sico), a Escola divide-se em duas: a Escola Preparat\u00f3ria Paulo da Gama, que fica instalada nos pavilh\u00f5es iniciais, e a nossa Escola que, continuando com os ciclos seguintes das escolas t\u00e9cnicas, fica com as restantes instala\u00e7\u00f5es \u00e0s quais ser\u00e3o acrescentados pavilh\u00f5es prefabricados para aulas normais.<\/p>\n<p style=\"margin-bottom: 0cm;\" align=\"justify\"><strong>e forma\u00e7\u00e3o da personalidade<\/strong><\/p>\n<p style=\"margin-bottom: 0cm;\" align=\"justify\">Inicialmente criada por iniciativa municipal, a Escola acabou por surgir como sec\u00e7\u00e3o da Escola Industrial e Comercial Em\u00eddio Navarro, de Almada, de acordo com o estipulado no Decreto n.\u00ba 45980 de 20 de Outubro de 1964. Em toda a regi\u00e3o, \u201ca nossa Escola T\u00e9cnica\u201d ficou sempre conhecida (e continua a ser) como Escola das Cavaquinhas.<br \/>\nS\u00f3 em 1969, a escola se autonomiza, passando a ser, oficialmente, a Escola Industrial e Comercial do Seixal.<br \/>\nNa sequ\u00eancia da unifica\u00e7\u00e3o do ensino secund\u00e1rio (liceus e escolas t\u00e9cnicas), operada com a revolu\u00e7\u00e3o de Abril de 1974, a Escola Industrial e Comercial do Seixal d\u00e1 lugar \u00e0 Escola Secund\u00e1ria do Seixal. Esta nova realidade n\u00e3o impediu que a escola mantivesse, ao n\u00edvel curricular, a sua identidade, continuando a oferta de cursos industriais e comerciais (mec\u00e2nica, electricidade, secretariado) e, simultaneamente, se abrisse \u00e0s \u00e1reas art\u00edsticas e da comunica\u00e7\u00e3o.<br \/>\nFinalmente, em 1993 a Escola Secund\u00e1ria n\u00ba 1 do Seixal (assim denominada desde a cria\u00e7\u00e3o, em 1988, de outra na mesma freguesia, a n\u00ba 2, actual Escola Secund\u00e1ria Alfredo dos Reis Silveira), em homenagem ao professor-poeta-cantor e resistente antifascista, adoptou a designa\u00e7\u00e3o de Escola Secund\u00e1ria Dr. Jos\u00e9 Afonso. A resposta positiva do Minist\u00e9rio da Educa\u00e7\u00e3o ao nome proposto pela escola em 1991, com o acordo da C\u00e2mara Municipal do Seixal, demorou dois anos a chegar. Foi neste per\u00edodo que a CMS, antecipando-se \u00e0 decis\u00e3o do ME, atribuiu \u00e0 rua o nome de Avenida Jos\u00e9 Afonso (at\u00e9 ent\u00e3o Rua da Escola T\u00e9cnica).<\/p>\n<p align=\"justify\">&nbsp;<\/p>\n<p style=\"margin-bottom: 0cm;\" align=\"justify\"><strong>A Hist\u00f3ria desafia o Presente<\/strong><br \/>\nActualmente, a escola continua instalada no seu ch\u00e3o original, dir\u00edamos hist\u00f3rico \u2013 o Bairro das Cavaquinhas. Desde 2004 em edif\u00edcio novo, (\u00e0 excep\u00e7\u00e3o do Pavilh\u00e3o C, que data de uma remodela\u00e7\u00e3o anterior efectuada em 1986) e dotada de pavilh\u00e3o gimnodesportivo, ap\u00f3s muitos anos de lutas contra as m\u00e1s condi\u00e7\u00f5es em que gera\u00e7\u00f5es de alunos, professores e funcion\u00e1rios, constru\u00edram sonhos, viveram experi\u00eancias educativas e humanas \u00edmpares que, ainda hoje, constituem a marca de identidade desta comunidade educativa.<br \/>\nPassou a fase do \u00abFeia por fora\/Bonita por dentro\u00bb.<br \/>\nGuardemos a mem\u00f3ria do que fomos e descubramos o que de melhor ela nos d\u00e1. Fica-nos a responsabilidade de continuarmos a (re)constru\u00ed-la por dentro em cada gesto, na sala de aula e em todo o espa\u00e7o educativo. A cidadania e o relacionamento humano bem sucedido entre os diversos actores educativos ser\u00e3o condi\u00e7\u00e3o para todos os outros \u201csucessos\u201d.<\/p>\n<div class=\"al2fb_like_button\"><script src=\"http:\/\/connect.facebook.net\/pt_PT\/all.js#xfbml=1\"><\/script><fb:like href=\"https:\/\/www.esjoseafonso.com\/wp\/?page_id=12\" layout=\"standard\" show_faces=\"true\" width=\"450\" action=\"like\" font=\"arial\" colorscheme=\"light\" ref=\"AL2FB\"><\/fb:like><\/div>","protected":false},"excerpt":{"rendered":"<p>A cria\u00e7\u00e3o da nossa escola deve-se \u00e0 insist\u00eancia de uma forte vontade local que encontramos reflectida, desde finais dos anos 50 at\u00e9 \u00e0 abertura das aulas em 1964, na imprensa regional e nas actas da C\u00e2mara Municipal do Seixal (CMS) e do Conselho Municipal O desenvolvimento industrial, que j\u00e1 era consider\u00e1vel, pedia m\u00e3o de obra [&hellip;]<\/p>\n","protected":false},"author":1,"featured_media":0,"parent":14,"menu_order":1,"comment_status":"closed","ping_status":"closed","template":"","meta":{"ngg_post_thumbnail":0,"_links_to":"","_links_to_target":""},"_links":{"self":[{"href":"https:\/\/www.esjoseafonso.com\/wp\/index.php?rest_route=\/wp\/v2\/pages\/12"}],"collection":[{"href":"https:\/\/www.esjoseafonso.com\/wp\/index.php?rest_route=\/wp\/v2\/pages"}],"about":[{"href":"https:\/\/www.esjoseafonso.com\/wp\/index.php?rest_route=\/wp\/v2\/types\/page"}],"author":[{"embeddable":true,"href":"https:\/\/www.esjoseafonso.com\/wp\/index.php?rest_route=\/wp\/v2\/users\/1"}],"replies":[{"embeddable":true,"href":"https:\/\/www.esjoseafonso.com\/wp\/index.php?rest_route=%2Fwp%2Fv2%2Fcomments&post=12"}],"version-history":[{"count":6,"href":"https:\/\/www.esjoseafonso.com\/wp\/index.php?rest_route=\/wp\/v2\/pages\/12\/revisions"}],"predecessor-version":[{"id":6061,"href":"https:\/\/www.esjoseafonso.com\/wp\/index.php?rest_route=\/wp\/v2\/pages\/12\/revisions\/6061"}],"up":[{"embeddable":true,"href":"https:\/\/www.esjoseafonso.com\/wp\/index.php?rest_route=\/wp\/v2\/pages\/14"}],"wp:attachment":[{"href":"https:\/\/www.esjoseafonso.com\/wp\/index.php?rest_route=%2Fwp%2Fv2%2Fmedia&parent=12"}],"curies":[{"name":"wp","href":"https:\/\/api.w.org\/{rel}","templated":true}]}}