{"id":121,"date":"2009-06-08T15:11:19","date_gmt":"2009-06-08T14:11:19","guid":{"rendered":"http:\/\/esjoseafonso.com\/wp\/?page_id=121"},"modified":"2025-11-08T20:03:04","modified_gmt":"2025-11-08T19:03:04","slug":"constituicao","status":"publish","type":"page","link":"https:\/\/www.esjoseafonso.com\/wp\/?page_id=121","title":{"rendered":"Constitui\u00e7\u00e3o"},"content":{"rendered":"\n<p><strong>Dire\u00e7\u00e3o <\/strong>&#8211; Presidente Renata Pinto&nbsp;<\/p>\n\n\n\n<p><strong>Vice-Presidente&nbsp;<\/strong>&#8211; Ana Calder\u00f3n&nbsp;<\/p>\n\n\n\n<p><strong>Secret\u00e1ria<\/strong>&nbsp;&#8211; Dora Costa<\/p>\n\n\n\n<p><strong>Tesoureira<\/strong> &#8211; Patr\u00edcia Ventura<\/p>\n\n\n\n<p><strong>Vogal<\/strong> &#8211; Vera Palaio<\/p>\n\n\n\n<div style=\"height:16px\" aria-hidden=\"true\" class=\"wp-block-spacer\"><\/div>\n\n\n\n<p><strong>Assembleia Geral &#8211; Presidente<\/strong> Magda Borgonhos<\/p>\n\n\n\n<p><strong>Vice-presidente<\/strong> &#8211; Paula Gomes<\/p>\n\n\n\n<p><strong>Secretaria<\/strong> &#8211; Liliana Martins&nbsp;<\/p>\n\n\n\n<p><strong>Vogal <\/strong>&#8211; T\u00e2nia Varela<\/p>\n\n\n\n<div style=\"height:17px\" aria-hidden=\"true\" class=\"wp-block-spacer\"><\/div>\n\n\n\n<p><strong>Conselho Fiscal &#8211; Presidente<\/strong> Stephanie Sim\u00f5es\u00a0<\/p>\n\n\n\n<p><strong>Vice-presidente<\/strong> &#8211; Ricardo Santos<\/p>\n\n\n\n<p><strong>Secretaria<\/strong> &#8211; F\u00e1tima Segurado<\/p>\n\n\n\n<p><strong>Vogal<\/strong> &#8211; Alexandra do Carmo<\/p>\n\n\n\n<hr class=\"wp-block-separator is-style-wide\"\/>\n\n\n\n<div style=\"height:16px\" aria-hidden=\"true\" class=\"wp-block-spacer\"><\/div>\n\n\n<p>Pode entrar em contacto connosco pela seguinte via:<\/p>\n<p><strong>Email:&nbsp;<a href=\"mailto:assocpais.jafonso@gmail.com\" target=\"_blank\" rel=\"noopener\">assocpais.jafonso@gmail.com<\/a><\/strong><\/p>\n\n\n<figure class=\"wp-block-image size-large is-resized\"><a href=\"https:\/\/apeeesja.pt\/\" target=\"_blank\" rel=\"noopener\"><img loading=\"lazy\" src=\"https:\/\/www.esjoseafonso.com\/wp\/wp-content\/uploads\/2025\/11\/Logo-Associacao-de-Pais-FINAL_2.jpg\" alt=\"\" class=\"wp-image-9927\" width=\"233\" height=\"121\" srcset=\"https:\/\/www.esjoseafonso.com\/wp\/wp-content\/uploads\/2025\/11\/Logo-Associacao-de-Pais-FINAL_2.jpg 660w, https:\/\/www.esjoseafonso.com\/wp\/wp-content\/uploads\/2025\/11\/Logo-Associacao-de-Pais-FINAL_2-300x155.jpg 300w, https:\/\/www.esjoseafonso.com\/wp\/wp-content\/uploads\/2025\/11\/Logo-Associacao-de-Pais-FINAL_2-400x207.jpg 400w\" sizes=\"(max-width: 233px) 100vw, 233px\" \/><\/a><\/figure>\n<div class=\"al2fb_like_button\"><script src=\"http:\/\/connect.facebook.net\/pt_PT\/all.js#xfbml=1\"><\/script><fb:like href=\"https:\/\/www.esjoseafonso.com\/wp\/?page_id=121\" layout=\"standard\" show_faces=\"true\" width=\"450\" action=\"like\" font=\"arial\" colorscheme=\"light\" ref=\"AL2FB\"><\/fb:like><\/div>","protected":false},"excerpt":{"rendered":"<p>Dire\u00e7\u00e3o &#8211; Presidente Renata Pinto&nbsp; Vice-Presidente&nbsp;&#8211; Ana Calder\u00f3n&nbsp; Secret\u00e1ria&nbsp;&#8211; Dora Costa Tesoureira &#8211; Patr\u00edcia Ventura Vogal &#8211; Vera Palaio Assembleia Geral &#8211; Presidente Magda Borgonhos Vice-presidente &#8211; Paula Gomes Secretaria &#8211; Liliana Martins&nbsp; Vogal &#8211; T\u00e2nia Varela Conselho Fiscal &#8211; Presidente Stephanie Sim\u00f5es\u00a0 Vice-presidente &#8211; Ricardo Santos Secretaria &#8211; F\u00e1tima Segurado Vogal &#8211; Alexandra do [&hellip;]<\/p>\n","protected":false},"author":1,"featured_media":0,"parent":112,"menu_order":0,"comment_status":"closed","ping_status":"closed","template":"","meta":{"ngg_post_thumbnail":0,"_links_to":"","_links_to_target":""},"_links":{"self":[{"href":"https:\/\/www.esjoseafonso.com\/wp\/index.php?rest_route=\/wp\/v2\/pages\/121"}],"collection":[{"href":"https:\/\/www.esjoseafonso.com\/wp\/index.php?rest_route=\/wp\/v2\/pages"}],"about":[{"href":"https:\/\/www.esjoseafonso.com\/wp\/index.php?rest_route=\/wp\/v2\/types\/page"}],"author":[{"embeddable":true,"href":"https:\/\/www.esjoseafonso.com\/wp\/index.php?rest_route=\/wp\/v2\/users\/1"}],"replies":[{"embeddable":true,"href":"https:\/\/www.esjoseafonso.com\/wp\/index.php?rest_route=%2Fwp%2Fv2%2Fcomments&post=121"}],"version-history":[{"count":17,"href":"https:\/\/www.esjoseafonso.com\/wp\/index.php?rest_route=\/wp\/v2\/pages\/121\/revisions"}],"predecessor-version":[{"id":9932,"href":"https:\/\/www.esjoseafonso.com\/wp\/index.php?rest_route=\/wp\/v2\/pages\/121\/revisions\/9932"}],"up":[{"embeddable":true,"href":"https:\/\/www.esjoseafonso.com\/wp\/index.php?rest_route=\/wp\/v2\/pages\/112"}],"wp:attachment":[{"href":"https:\/\/www.esjoseafonso.com\/wp\/index.php?rest_route=%2Fwp%2Fv2%2Fmedia&parent=121"}],"curies":[{"name":"wp","href":"https:\/\/api.w.org\/{rel}","templated":true}]}}