{"id":1507,"date":"2011-05-20T10:30:18","date_gmt":"2011-05-20T09:30:18","guid":{"rendered":"http:\/\/esjoseafonso.com\/wp\/?page_id=1507"},"modified":"2026-04-27T23:04:42","modified_gmt":"2026-04-27T22:04:42","slug":"curso-prof-informatica","status":"publish","type":"page","link":"https:\/\/www.esjoseafonso.com\/wp\/?page_id=1507","title":{"rendered":"Oferta Formativa"},"content":{"rendered":"<ul>\n<li style=\"text-align: left;\">\n<h3><span style=\"color: #808000;\"><strong>CURSOS CIENT\u00cdFICO-HUMAN\u00cdSTICOS<\/strong><\/span><\/h3>\n<\/li>\n<li style=\"text-align: left;\">\n<h3><span style=\"color: #808000;\"><strong>CURSO PROFISSIONAL<\/strong><\/span><\/h3>\n<\/li>\n<\/ul>\n<p style=\"text-align: right;\"><span style=\"color: #808000;\"><strong>Percursos do n\u00edvel secund\u00e1rio de educa\u00e7\u00e3o<\/strong><\/span><\/p>\n<hr>\n<h3 style=\"text-align: center;\"><span style=\"color: #808000;\"><strong><em><u>Cursos Cient\u00edfico-Human\u00edsticos<\/u><\/em><\/strong><\/span><\/h3>\n<p style=\"text-align: center;\"><strong>Ci\u00eancias e Tecnologias&nbsp;&nbsp;&nbsp;&nbsp;&nbsp;&nbsp;&nbsp;&nbsp;&nbsp;&nbsp; <\/strong><strong>Ci\u00eancias Socioecon\u00f3micas<\/strong><\/p>\n<p style=\"text-align: center;\"><strong>L\u00ednguas e Humanidades&nbsp; &nbsp;&nbsp;&nbsp; &nbsp;&nbsp;&nbsp;&nbsp; <\/strong><strong>Artes Visuais<\/strong><\/p>\n<h5>POSSIBILITAM:<\/h5>\n<pre>- Um diploma de conclus\u00e3o do ensino secund\u00e1rio \n- Prosseguir estudos<\/pre>\n<hr>\n<h3 style=\"text-align: center;\"><strong><em><u><span style=\"color: #808000;\">Curso Profissional de Secund\u00e1rio<\/span> <\/u><\/em><\/strong><\/h3>\n<h4><span style=\"color: #808000;\"><strong>Curso na \u00e1rea de Inform\u00e1tica<\/strong><\/span><\/h4>\n<ul>\n<li><strong>T\u00e9cnico\/a de Desenvolvimento de Software<\/strong><\/li>\n<\/ul>\n<h4 align=\"center\">&nbsp;<\/h4>\n<h4 style=\"text-align: center;\" align=\"center\"><span style=\"color: #808000;\"><b><span style=\"font-family: Franklin Gothic Book;\">Pr\u00e9-Inscri\u00e7\u00e3o<\/span><\/b><\/span><\/h4>\n<p style=\"text-align: center;\">&#8211; <strong><a href=\"https:\/\/forms.office.com\/e\/UiCQvVn08k\" target=\"_blank\" rel=\"noopener\">P\u00e1gina Web da escola<\/a><\/strong>&nbsp;<\/p>\n<p style=\"text-align: center;\">&#8211; Servi\u00e7os Administrativos<\/p>\n<hr>\n<h3>&nbsp;<\/h3>\n<p>&nbsp;<\/p>\n<p>&nbsp;<\/p>\n<div class=\"al2fb_like_button\"><script src=\"http:\/\/connect.facebook.net\/pt_PT\/all.js#xfbml=1\"><\/script><fb:like href=\"https:\/\/www.esjoseafonso.com\/wp\/?page_id=1507\" layout=\"standard\" show_faces=\"true\" width=\"450\" action=\"like\" font=\"arial\" colorscheme=\"light\" ref=\"AL2FB\"><\/fb:like><\/div>","protected":false},"excerpt":{"rendered":"<p>CURSOS CIENT\u00cdFICO-HUMAN\u00cdSTICOS CURSO PROFISSIONAL Percursos do n\u00edvel secund\u00e1rio de educa\u00e7\u00e3o Cursos Cient\u00edfico-Human\u00edsticos Ci\u00eancias e Tecnologias&nbsp;&nbsp;&nbsp;&nbsp;&nbsp;&nbsp;&nbsp;&nbsp;&nbsp;&nbsp; Ci\u00eancias Socioecon\u00f3micas L\u00ednguas e Humanidades&nbsp; &nbsp;&nbsp;&nbsp; &nbsp;&nbsp;&nbsp;&nbsp; Artes Visuais POSSIBILITAM: &#8211; Um diploma de conclus\u00e3o do ensino secund\u00e1rio &#8211; Prosseguir estudos Curso Profissional de Secund\u00e1rio Curso na \u00e1rea de Inform\u00e1tica T\u00e9cnico\/a de Desenvolvimento de Software &nbsp; Pr\u00e9-Inscri\u00e7\u00e3o &#8211; P\u00e1gina Web [&hellip;]<\/p>\n","protected":false},"author":1,"featured_media":0,"parent":14,"menu_order":6,"comment_status":"closed","ping_status":"closed","template":"","meta":{"ngg_post_thumbnail":0,"_links_to":"","_links_to_target":""},"_links":{"self":[{"href":"https:\/\/www.esjoseafonso.com\/wp\/index.php?rest_route=\/wp\/v2\/pages\/1507"}],"collection":[{"href":"https:\/\/www.esjoseafonso.com\/wp\/index.php?rest_route=\/wp\/v2\/pages"}],"about":[{"href":"https:\/\/www.esjoseafonso.com\/wp\/index.php?rest_route=\/wp\/v2\/types\/page"}],"author":[{"embeddable":true,"href":"https:\/\/www.esjoseafonso.com\/wp\/index.php?rest_route=\/wp\/v2\/users\/1"}],"replies":[{"embeddable":true,"href":"https:\/\/www.esjoseafonso.com\/wp\/index.php?rest_route=%2Fwp%2Fv2%2Fcomments&post=1507"}],"version-history":[{"count":33,"href":"https:\/\/www.esjoseafonso.com\/wp\/index.php?rest_route=\/wp\/v2\/pages\/1507\/revisions"}],"predecessor-version":[{"id":10292,"href":"https:\/\/www.esjoseafonso.com\/wp\/index.php?rest_route=\/wp\/v2\/pages\/1507\/revisions\/10292"}],"up":[{"embeddable":true,"href":"https:\/\/www.esjoseafonso.com\/wp\/index.php?rest_route=\/wp\/v2\/pages\/14"}],"wp:attachment":[{"href":"https:\/\/www.esjoseafonso.com\/wp\/index.php?rest_route=%2Fwp%2Fv2%2Fmedia&parent=1507"}],"curies":[{"name":"wp","href":"https:\/\/api.w.org\/{rel}","templated":true}]}}