{"id":637,"date":"2009-12-17T18:25:28","date_gmt":"2009-12-17T17:25:28","guid":{"rendered":"http:\/\/esjoseafonso.com\/wp\/?page_id=637"},"modified":"2019-02-05T11:49:48","modified_gmt":"2019-02-05T10:49:48","slug":"boletim","status":"publish","type":"page","link":"https:\/\/www.esjoseafonso.com\/wp\/?page_id=637","title":{"rendered":"Boletim"},"content":{"rendered":"<p>A APEEESJA necessita de toda a ajuda e do maior n\u00famero de s\u00f3cios poss\u00edvel. Associe-se, e contribua para melhorar as condi\u00e7\u00f5es de ensino na escola do seu filho!<\/p>\n<p>A inscri\u00e7\u00e3o anual na APEEESJA pode ser efetuada atrav\u00e9s do preenchimento de impresso entregue no ato da matr\u00edcula, que se encontra igualmente dispon\u00edvel na Papelaria da Escola.<\/p>\n<p>Para podermos implementar os v\u00e1rios projetos que ir\u00e3o dinamizar a comunidade escolar, foi estabelecida uma cota anual no valor de 5,00\u20ac por associado.<\/p>\n<p>Ajude-nos a ajudar!<\/p>\n<div class=\"al2fb_like_button\"><script src=\"http:\/\/connect.facebook.net\/pt_PT\/all.js#xfbml=1\"><\/script><fb:like href=\"https:\/\/www.esjoseafonso.com\/wp\/?page_id=637\" layout=\"standard\" show_faces=\"true\" width=\"450\" action=\"like\" font=\"arial\" colorscheme=\"light\" ref=\"AL2FB\"><\/fb:like><\/div>","protected":false},"excerpt":{"rendered":"<p>A APEEESJA necessita de toda a ajuda e do maior n\u00famero de s\u00f3cios poss\u00edvel. Associe-se, e contribua para melhorar as condi\u00e7\u00f5es de ensino na escola do seu filho! A inscri\u00e7\u00e3o anual na APEEESJA pode ser efetuada atrav\u00e9s do preenchimento de impresso entregue no ato da matr\u00edcula, que se encontra igualmente dispon\u00edvel na Papelaria da Escola. [&hellip;]<\/p>\n","protected":false},"author":1,"featured_media":0,"parent":112,"menu_order":3,"comment_status":"closed","ping_status":"closed","template":"","meta":{"ngg_post_thumbnail":0,"_links_to":"","_links_to_target":""},"_links":{"self":[{"href":"https:\/\/www.esjoseafonso.com\/wp\/index.php?rest_route=\/wp\/v2\/pages\/637"}],"collection":[{"href":"https:\/\/www.esjoseafonso.com\/wp\/index.php?rest_route=\/wp\/v2\/pages"}],"about":[{"href":"https:\/\/www.esjoseafonso.com\/wp\/index.php?rest_route=\/wp\/v2\/types\/page"}],"author":[{"embeddable":true,"href":"https:\/\/www.esjoseafonso.com\/wp\/index.php?rest_route=\/wp\/v2\/users\/1"}],"replies":[{"embeddable":true,"href":"https:\/\/www.esjoseafonso.com\/wp\/index.php?rest_route=%2Fwp%2Fv2%2Fcomments&post=637"}],"version-history":[{"count":12,"href":"https:\/\/www.esjoseafonso.com\/wp\/index.php?rest_route=\/wp\/v2\/pages\/637\/revisions"}],"predecessor-version":[{"id":4699,"href":"https:\/\/www.esjoseafonso.com\/wp\/index.php?rest_route=\/wp\/v2\/pages\/637\/revisions\/4699"}],"up":[{"embeddable":true,"href":"https:\/\/www.esjoseafonso.com\/wp\/index.php?rest_route=\/wp\/v2\/pages\/112"}],"wp:attachment":[{"href":"https:\/\/www.esjoseafonso.com\/wp\/index.php?rest_route=%2Fwp%2Fv2%2Fmedia&parent=637"}],"curies":[{"name":"wp","href":"https:\/\/api.w.org\/{rel}","templated":true}]}}