{"id":6456,"date":"2022-04-21T20:46:02","date_gmt":"2022-04-21T19:46:02","guid":{"rendered":"http:\/\/www.esjoseafonso.com\/wp\/?page_id=6456"},"modified":"2022-04-25T13:36:05","modified_gmt":"2022-04-25T12:36:05","slug":"diretor","status":"publish","type":"page","link":"https:\/\/www.esjoseafonso.com\/wp\/?page_id=6456","title":{"rendered":"Diretor"},"content":{"rendered":"\n<p><a href=\"http:\/\/www.esjoseafonso.com\/wp\/wp-content\/uploads\/2022\/04\/ESJA-Organograma-DIRETOR-EQUIPA-2021.2025.pdf\" target=\"_blank\" rel=\"noreferrer noopener\">Diretor e Equipa<\/a><\/p>\n\n\n\n<p><a href=\"http:\/\/www.esjoseafonso.com\/wp\/wp-content\/uploads\/2022\/04\/DIRETOR_Projeto-Intervencao.pdf\" target=\"_blank\" rel=\"noreferrer noopener\">Projeto de Interven\u00e7\u00e3o<\/a><\/p>\n\n\n\n<p><a href=\"http:\/\/www.esjoseafonso.com\/wp\/wp-content\/uploads\/2022\/04\/DIRETOR_Carta-de-missao.pdf\" target=\"_blank\" rel=\"noreferrer noopener\">Carta de miss\u00e3o<\/a><\/p>\n<div class=\"al2fb_like_button\"><script src=\"http:\/\/connect.facebook.net\/pt_PT\/all.js#xfbml=1\"><\/script><fb:like href=\"https:\/\/www.esjoseafonso.com\/wp\/?page_id=6456\" layout=\"standard\" show_faces=\"true\" width=\"450\" action=\"like\" font=\"arial\" colorscheme=\"light\" ref=\"AL2FB\"><\/fb:like><\/div>","protected":false},"excerpt":{"rendered":"<p>Diretor e Equipa Projeto de Interven\u00e7\u00e3o Carta de miss\u00e3o<\/p>\n","protected":false},"author":1,"featured_media":0,"parent":0,"menu_order":0,"comment_status":"closed","ping_status":"closed","template":"","meta":{"ngg_post_thumbnail":0,"_links_to":"","_links_to_target":""},"_links":{"self":[{"href":"https:\/\/www.esjoseafonso.com\/wp\/index.php?rest_route=\/wp\/v2\/pages\/6456"}],"collection":[{"href":"https:\/\/www.esjoseafonso.com\/wp\/index.php?rest_route=\/wp\/v2\/pages"}],"about":[{"href":"https:\/\/www.esjoseafonso.com\/wp\/index.php?rest_route=\/wp\/v2\/types\/page"}],"author":[{"embeddable":true,"href":"https:\/\/www.esjoseafonso.com\/wp\/index.php?rest_route=\/wp\/v2\/users\/1"}],"replies":[{"embeddable":true,"href":"https:\/\/www.esjoseafonso.com\/wp\/index.php?rest_route=%2Fwp%2Fv2%2Fcomments&post=6456"}],"version-history":[{"count":4,"href":"https:\/\/www.esjoseafonso.com\/wp\/index.php?rest_route=\/wp\/v2\/pages\/6456\/revisions"}],"predecessor-version":[{"id":6544,"href":"https:\/\/www.esjoseafonso.com\/wp\/index.php?rest_route=\/wp\/v2\/pages\/6456\/revisions\/6544"}],"wp:attachment":[{"href":"https:\/\/www.esjoseafonso.com\/wp\/index.php?rest_route=%2Fwp%2Fv2%2Fmedia&parent=6456"}],"curies":[{"name":"wp","href":"https:\/\/api.w.org\/{rel}","templated":true}]}}