{"id":7004,"date":"2022-11-06T19:44:26","date_gmt":"2022-11-06T18:44:26","guid":{"rendered":"http:\/\/www.esjoseafonso.com\/wp\/?page_id=7004"},"modified":"2026-02-24T22:33:20","modified_gmt":"2026-02-24T21:33:20","slug":"cursos-profissionais-matrizes","status":"publish","type":"page","link":"https:\/\/www.esjoseafonso.com\/wp\/?page_id=7004","title":{"rendered":"Cursos Profissionais &#8211; Matrizes"},"content":{"rendered":"\n<p class=\"has-text-align-center\"><strong>\u00c9POCA de RECUPERA\u00c7\u00c3O &#8211; 2025\/2026<\/strong><\/p>\n\n\n\n<p><\/p>\n\n\n\n<blockquote class=\"wp-block-quote is-style-default\"><p><strong>DISCIPLINAS<\/strong><\/p><cite>Disciplina: <strong>\u00c1REA DE INTEGRA\u00c7\u00c3O<\/strong><br><a rel=\"noreferrer noopener\" href=\"http:\/\/www.esjoseafonso.com\/wp\/wp-content\/uploads\/2023\/03\/M4_AI_Matriz.pdf\" target=\"_blank\">M4 &#8211; A Pessoa, a Sociedade, o Mundo IV<\/a><br><br>Disciplina: <strong>ARQUITETURA DE COMPUTADORES<\/strong><br><a rel=\"noreferrer noopener\" href=\"http:\/\/www.esjoseafonso.com\/wp\/wp-content\/uploads\/2023\/03\/M2_ARCOM_Matriz.pdf\" target=\"_blank\">M2 &#8211; MONTAGEM E CONFIGURA\u00c7\u00c3O DE COMPUTADORES<\/a><br><a rel=\"noreferrer noopener\" href=\"http:\/\/www.esjoseafonso.com\/wp\/wp-content\/uploads\/2025\/10\/M4A_ARCOM_Matriz_RC_4A.pdf\" target=\"_blank\">M4A &#8211; ARQUITETURA DE MICROPROCESSADORES<\/a><br><br>Disciplina: <strong>DESPORTO IV &#8211; RUGBY<\/strong><br><a rel=\"noreferrer noopener\" href=\"http:\/\/www.esjoseafonso.com\/wp\/wp-content\/uploads\/2025\/10\/Matriz_rugby.pdf\" target=\"_blank\">M9443 &#8211; Rugby<\/a><br><br>Disciplina: <strong>EDUCA\u00c7\u00c3O F\u00cdSICA<\/strong><br><a rel=\"noreferrer noopener\" href=\"http:\/\/www.esjoseafonso.com\/wp\/wp-content\/uploads\/2026\/02\/Matriz-Modulo-3-AtletismoPatinagem-e-Badminton-III.pdf\" target=\"_blank\">M3 &#8211; Atletismo\/Raquetes e Patinagem I ( Atual m\u00f3dulo 7)<\/a><br><a rel=\"noreferrer noopener\" href=\"http:\/\/www.esjoseafonso.com\/wp\/wp-content\/uploads\/2026\/02\/Matriz-Modulo-4-Ginastica-I-atual_25_26.pdf\" target=\"_blank\">M4 &#8211; Gin\u00e1stica 1<\/a><br><a href=\"http:\/\/www.esjoseafonso.com\/wp\/wp-content\/uploads\/2026\/02\/Matriz-Modulo-6-Desportos-coletivos-2.pdf\" target=\"_blank\" rel=\"noreferrer noopener\">M6 &#8211; Desportos coletivos II (Atual m\u00f3dulo 2)<\/a><br><a rel=\"noreferrer noopener\" href=\"http:\/\/www.esjoseafonso.com\/wp\/wp-content\/uploads\/2026\/02\/Matriz-Modulo-9-Danca-II.pdf\" target=\"_blank\">M9 &#8211; Dan\u00e7a II (Atual m\u00f3dulo 11)<\/a><br><a rel=\"noreferrer noopener\" href=\"http:\/\/www.esjoseafonso.com\/wp\/wp-content\/uploads\/2025\/10\/Matriz_Danca_modulo_10.pdf\" target=\"_blank\">M10 &#8211; Dan\u00e7a I<\/a><br><br>Disciplina: <strong>ESTUDO DO MOVIMENTO<\/strong><br><a rel=\"noreferrer noopener\" href=\"http:\/\/www.esjoseafonso.com\/wp\/wp-content\/uploads\/2024\/10\/Matriz-EstMov.-M1_24.pdf\" target=\"_blank\">M1 &#8211; Osteologia e artrologia<\/a><br><a rel=\"noreferrer noopener\" href=\"http:\/\/www.esjoseafonso.com\/wp\/wp-content\/uploads\/2024\/10\/Matriz-EstMov.-M2_24.pdf\" target=\"_blank\">M2 &#8211; Miologia<\/a><br><a rel=\"noreferrer noopener\" href=\"http:\/\/www.esjoseafonso.com\/wp\/wp-content\/uploads\/2024\/10\/Matriz-EstMov.-M3_24.pdf\" target=\"_blank\">M3 &#8211; Controlo e coordena\u00e7\u00e3o do movimento<\/a><br><a rel=\"noreferrer noopener\" href=\"http:\/\/www.esjoseafonso.com\/wp\/wp-content\/uploads\/2024\/10\/Matriz-EstMov.-M5_24.pdf\" target=\"_blank\">M5 &#8211; An\u00e1lise da musculatura esquel\u00e9tica<\/a><br><br>Disciplina: <strong>F\u00cdSICA E QU\u00cdMICA<\/strong><br><a rel=\"noreferrer noopener\" href=\"http:\/\/www.esjoseafonso.com\/wp\/wp-content\/uploads\/2023\/03\/Matriz_Prova_M1_FQ_2023.pdf\" target=\"_blank\">M1 (F1) &#8211; For\u00e7as e movimentos<\/a><br><a rel=\"noreferrer noopener\" href=\"http:\/\/www.esjoseafonso.com\/wp\/wp-content\/uploads\/2023\/06\/MOD2-Matriz-Prova-recuperacao-PROF-FQ-Modulo-2-E2F1.pdf\" target=\"_blank\">M2 (E2F1) &#8211; TRABALHO E ENERGIA<\/a><br><a rel=\"noreferrer noopener\" href=\"http:\/\/www.esjoseafonso.com\/wp\/wp-content\/uploads\/2023\/03\/M3_matriz-F3-2223-V1.pdf\" target=\"_blank\">M3 (F3) &#8211; LUZ E FONTES DE LUZ<\/a><br><a rel=\"noreferrer noopener\" href=\"http:\/\/www.esjoseafonso.com\/wp\/wp-content\/uploads\/2023\/06\/MOD4-Matriz-Prova-recuperacao-PROF-FQ-Modulo-4-F4.pdf\" target=\"_blank\">M4 (F4) &#8211; CIRCUITOS EL\u00c9TRICOS<\/a><br><a rel=\"noreferrer noopener\" href=\"http:\/\/www.esjoseafonso.com\/wp\/wp-content\/uploads\/2023\/06\/MOD5-Matriz-Prova-recuperacao-PROF-FQ-Modulo-5-F6.doc.pdf\" target=\"_blank\">M5 (F6) &#8211; SOM<\/a><br><a rel=\"noreferrer noopener\" href=\"http:\/\/www.esjoseafonso.com\/wp\/wp-content\/uploads\/2023\/03\/M6_matriz-Q1-2223-V1.pdf\" target=\"_blank\">M6 (Q1) &#8211; Estrutura at\u00f3mica. Tabela peri\u00f3dica. Liga\u00e7\u00e3o qu\u00edmica<\/a><br><a rel=\"noreferrer noopener\" href=\"http:\/\/www.esjoseafonso.com\/wp\/wp-content\/uploads\/2023\/03\/M7_matriz-EQ1-2223-V1.pdf\" target=\"_blank\">M7 (EQ1) &#8211; Modelo qu\u00e2ntico para o \u00e1tomo<\/a><br><a rel=\"noreferrer noopener\" href=\"http:\/\/www.esjoseafonso.com\/wp\/wp-content\/uploads\/2023\/03\/M8_matriz-Q2-2223-V1.pdf\" target=\"_blank\">M8 (Q2) &#8211; Solu\u00e7\u00f5es<\/a><br><a rel=\"noreferrer noopener\" href=\"http:\/\/www.esjoseafonso.com\/wp\/wp-content\/uploads\/2023\/03\/M9_matriz-Q3-2223-V1.pdf\" target=\"_blank\">M9 (Q3) &#8211; Rea\u00e7\u00f5es qu\u00edmicas. Equil\u00edbrio qu\u00edmico homog\u00e9neo<\/a><br><a rel=\"noreferrer noopener\" href=\"http:\/\/www.esjoseafonso.com\/wp\/wp-content\/uploads\/2023\/07\/FQ-M10-Q7.pdf\" target=\"_blank\">M10 (Q7) Designa\u00e7\u00e3o: COMPOSTOS ORG\u00c2NICO<\/a><br><br>Disciplina: <strong>GEST\u00c3O DE INSTALA\u00c7\u00d5ES DESPORTIVAS<\/strong><br><a rel=\"noreferrer noopener\" href=\"http:\/\/www.esjoseafonso.com\/wp\/wp-content\/uploads\/2025\/05\/Matriz-Modelo-online-GID-1-Instalacoes-Desportivas-3a-Epoca-24_25.pdf\" target=\"_blank\">M1: 7267 &#8211; Gest\u00e3o de espa\u00e7os, instala\u00e7\u00f5es e equipamentos desportivas<\/a> <br><a rel=\"noreferrer noopener\" href=\"http:\/\/www.esjoseafonso.com\/wp\/wp-content\/uploads\/2025\/02\/Matriz_GID_Mod.3_Grandes-campos-jogos.pdf\" target=\"_blank\">M3: 7269 &#8211; Gest\u00e3o de Grandes Campos de Jogos<\/a><br><a rel=\"noreferrer noopener\" href=\"http:\/\/www.esjoseafonso.com\/wp\/wp-content\/uploads\/2023\/03\/M_4-\u2013-GIDSalas-e-Pavilhoes-Desportivos.pdf\" target=\"_blank\">M4: 7270 &#8211; Gest\u00e3o de Salas e Pavilh\u00f5es Desportivos<\/a><br><a rel=\"noreferrer noopener\" href=\"http:\/\/www.esjoseafonso.com\/wp\/wp-content\/uploads\/2022\/11\/Matriz-GID-5.pdf\" target=\"_blank\">M5: 7271 &#8211; <\/a><a rel=\"noreferrer noopener\" href=\"http:\/\/www.esjoseafonso.com\/wp\/wp-content\/uploads\/2024\/10\/Matriz_GID_Mod.5_Complexos-desportivos_24.pdf\" target=\"_blank\">Gest\u00e3o de Complexos Desportivos<\/a><br><a rel=\"noreferrer noopener\" href=\"http:\/\/www.esjoseafonso.com\/wp\/wp-content\/uploads\/2023\/07\/Matriz-GID-6.pdf\" target=\"_blank\">M6: 7272 &#8211; Gest\u00e3o de Gin\u00e1sios e Centros de Lazer (Gest\u00e3o Instala\u00e7\u00f5es Desportivas)<\/a><br><a rel=\"noreferrer noopener\" href=\"http:\/\/www.esjoseafonso.com\/wp\/wp-content\/uploads\/2023\/03\/M7_Matriz-GID.pdf\" target=\"_blank\">M7: 0618 &#8211; Aquisi\u00e7\u00e3o de Equipamentos e Servi\u00e7os<\/a><br><a rel=\"noreferrer noopener\" href=\"http:\/\/www.esjoseafonso.com\/wp\/wp-content\/uploads\/2023\/03\/Matriz-M8_GID_2023.pdf\" target=\"_blank\">M8: 7273 &#8211; Qualidade de Servi\u00e7os e Satisfa\u00e7\u00e3o dos Clientes<\/a><br><a rel=\"noreferrer noopener\" href=\"http:\/\/www.esjoseafonso.com\/wp\/wp-content\/uploads\/2023\/07\/GID-Mod-9.pdf\" target=\"_blank\">M9: 7274 &#8211; Gest\u00e3o de Sistemas de Informa\u00e7\u00e3o Aplicados \u00e0s Instala\u00e7\u00f5es Desportivas<\/a><br><br>Disciplina: <strong>GEST\u00c3O DE PROGRAMAS E PROJETOS DO DESPORTO<\/strong><br><a rel=\"noreferrer noopener\" href=\"http:\/\/www.esjoseafonso.com\/wp\/wp-content\/uploads\/2023\/03\/M2_Matriz-GPPD.pdf\" target=\"_blank\">M2: 7259 &#8211; Execu\u00e7\u00e3o de Programas e Projetos do Desporto<\/a><br><a rel=\"noreferrer noopener\" href=\"http:\/\/www.esjoseafonso.com\/wp\/wp-content\/uploads\/2025\/03\/Matriz-Exame-Modulo-3.pdf\" target=\"_blank\">M3: 0703 &#8211; Cortesia, Etiqueta e Protocolo no Atendimento<\/a> <br><a rel=\"noreferrer noopener\" href=\"http:\/\/www.esjoseafonso.com\/wp\/wp-content\/uploads\/2023\/03\/M5_Matriz-GPPD.pdf\" target=\"_blank\">M5: 7262 &#8211; Documenta\u00e7\u00e3o Administrativa<\/a><br><a rel=\"noreferrer noopener\" href=\"http:\/\/www.esjoseafonso.com\/wp\/wp-content\/uploads\/2023\/10\/Curso-TAGD_Matriz-GPPD_Modulo-6.pdf\" target=\"_blank\">M6: 7263 &#8211; Gest\u00e3o Or\u00e7amental<\/a><br><a rel=\"noreferrer noopener\" href=\"http:\/\/www.esjoseafonso.com\/wp\/wp-content\/uploads\/2025\/03\/Matriz-GPPD-Modulo-7.doc-2025_2.pdf\" target=\"_blank\">M7: 7264 &#8211; Gest\u00e3o Inform\u00e1tica de documentos<\/a><br><a rel=\"noreferrer noopener\" href=\"http:\/\/www.esjoseafonso.com\/wp\/wp-content\/uploads\/2025\/03\/Matriz-GPPD-Modulo-9.pdf\" target=\"_blank\">M9: 4793 &#8211; Introdu\u00e7\u00e3o \u00e0 Gest\u00e3o da Qualidade<\/a><br><br>Disciplina:<strong> INGL\u00caS<\/strong><br><a rel=\"noreferrer noopener\" href=\"http:\/\/www.esjoseafonso.com\/wp\/wp-content\/uploads\/2024\/10\/Matriz-Modulo-1_24.pdf\" target=\"_blank\">M1 &#8211; Eu e o Mundo Profissional<\/a><br><a rel=\"noreferrer noopener\" href=\"http:\/\/www.esjoseafonso.com\/wp\/wp-content\/uploads\/2024\/10\/Matriz-Modulo-2_24.pdf\" target=\"_blank\">M2 &#8211; Um Mundo de Muitas L\u00ednguas<\/a><br><a rel=\"noreferrer noopener\" href=\"http:\/\/www.esjoseafonso.com\/wp\/wp-content\/uploads\/2024\/10\/Matriz-Modulo-3_24.pdf\" target=\"_blank\">M3 &#8211; O Mundo Tecnol\u00f3gico<\/a><br><a rel=\"noreferrer noopener\" href=\"http:\/\/www.esjoseafonso.com\/wp\/wp-content\/uploads\/2024\/10\/Matriz-Ingles-modulo-4_2024.pdf\" target=\"_blank\">M4 &#8211; Os M\u00e9dia e a Comunica\u00e7\u00e3o Global<\/a><br><a rel=\"noreferrer noopener\" href=\"http:\/\/www.esjoseafonso.com\/wp\/wp-content\/uploads\/2024\/02\/Matriz-Modulo-5.pdf\" target=\"_blank\">M5 &#8211; Os Jovens na Era Global<\/a><br><a rel=\"noreferrer noopener\" href=\"http:\/\/www.esjoseafonso.com\/wp\/wp-content\/uploads\/2024\/10\/Ingles_Matriz-Modulo-6_2024.pdf\" target=\"_blank\">M6 &#8211; O Mundo \u00e0 nossa Volta<\/a><br><a rel=\"noreferrer noopener\" href=\"http:\/\/www.esjoseafonso.com\/wp\/wp-content\/uploads\/2024\/02\/Matriz-Modulo-7.pdf\" target=\"_blank\">M7 &#8211; Os Jovens e o Consumo<\/a><br><a rel=\"noreferrer noopener\" href=\"http:\/\/www.esjoseafonso.com\/wp\/wp-content\/uploads\/2025\/10\/Matriz_ING_Modulo8.pdf\" target=\"_blank\">M8 &#8211; O Mundo do Trabalho<\/a><br><a rel=\"noreferrer noopener\" href=\"http:\/\/www.esjoseafonso.com\/wp\/wp-content\/uploads\/2025\/10\/Matriz_ING_-Modulo9.pdf\" target=\"_blank\">M9 &#8211; A Comunica\u00e7\u00e3o no Mundo Profissional<\/a><br><br>Disciplina: <strong>MATEM\u00c1TICA<\/strong><br><a rel=\"noreferrer noopener\" href=\"http:\/\/www.esjoseafonso.com\/wp\/wp-content\/uploads\/2023\/10\/A1_Matriz_prova_recuperacao.pdf\" target=\"_blank\">A1 &#8211; Geometria<\/a><br><a rel=\"noreferrer noopener\" href=\"http:\/\/www.esjoseafonso.com\/wp\/wp-content\/uploads\/2023\/10\/A2_Matriz_prova_recuperacao.pdf\" target=\"_blank\">A2 &#8211; Fun\u00e7\u00f5es polinomiais<\/a><br><a rel=\"noreferrer noopener\" href=\"http:\/\/www.esjoseafonso.com\/wp\/wp-content\/uploads\/2023\/10\/A3_Matriz_prova_recuperacao.pdf\" target=\"_blank\">A3 &#8211; Estat\u00edstica<\/a><br><a rel=\"noreferrer noopener\" href=\"http:\/\/www.esjoseafonso.com\/wp\/wp-content\/uploads\/2023\/10\/A4_Matriz_prova_recuperacao.pdf\" target=\"_blank\">A4 &#8211; Fun\u00e7\u00f5es peri\u00f3dicas<\/a><br><a rel=\"noreferrer noopener\" href=\"http:\/\/www.esjoseafonso.com\/wp\/wp-content\/uploads\/2023\/10\/A5_Matriz_prova_recuperacao.pdf\" target=\"_blank\">A5 &#8211; Fun\u00e7\u00f5es Racionais<\/a><br><a rel=\"noreferrer noopener\" href=\"http:\/\/www.esjoseafonso.com\/wp\/wp-content\/uploads\/2023\/10\/A6_Matriz_prova_recuperacao.pdf\" target=\"_blank\">A6 &#8211; Taxa de varia\u00e7\u00e3o<\/a><br><a rel=\"noreferrer noopener\" href=\"http:\/\/www.esjoseafonso.com\/wp\/wp-content\/uploads\/2023\/10\/A7_Matriz_prova_recuperacao.pdf\" target=\"_blank\">A7 &#8211; Probabilidades<\/a><br><a rel=\"noreferrer noopener\" href=\"http:\/\/www.esjoseafonso.com\/wp\/wp-content\/uploads\/2023\/10\/A8_Matriz_prova_recuperacao.pdf\" target=\"_blank\">A8 &#8211; Modelos discretos<\/a><br><a rel=\"noreferrer noopener\" href=\"http:\/\/www.esjoseafonso.com\/wp\/wp-content\/uploads\/2026\/02\/A9_Matriz_prova_recuperacao_25_26.pdf\" target=\"_blank\">A9 &#8211; Taxa de crescimento<\/a><br><a rel=\"noreferrer noopener\" href=\"http:\/\/www.esjoseafonso.com\/wp\/wp-content\/uploads\/2023\/10\/A10_Matriz_prova_recuperacao.pdf\" target=\"_blank\">A10 &#8211; OTIMIZA\u00c7\u00c3O<\/a><br><a rel=\"noreferrer noopener\" href=\"http:\/\/www.esjoseafonso.com\/wp\/wp-content\/uploads\/2023\/10\/B1_Matriz_prova_recuperacao.pdf\" target=\"_blank\">B1 &#8211; Fun\u00e7\u00f5es peri\u00f3dicas e n\u00e3o peri\u00f3dicas<\/a><br><a rel=\"noreferrer noopener\" href=\"http:\/\/www.esjoseafonso.com\/wp\/wp-content\/uploads\/2025\/02\/P1_Matriz_prova_recuperacao.pdf\" target=\"_blank\">P1 &#8211; Designa\u00e7\u00e3o: Modelos matem\u00e1ticos para a cidadania<\/a><br><a rel=\"noreferrer noopener\" href=\"http:\/\/www.esjoseafonso.com\/wp\/wp-content\/uploads\/2025\/05\/P2_Matriz_prova_recuperacao.pdf\" target=\"_blank\">P2 &#8211; Estat\u00edstica<\/a><br><a rel=\"noreferrer noopener\" href=\"http:\/\/www.esjoseafonso.com\/wp\/wp-content\/uploads\/2026\/02\/P4_Matriz_prova_recuperacao_MAT.pdf\" target=\"_blank\">P4 &#8211; Fun\u00e7\u00f5es<\/a><br><a rel=\"noreferrer noopener\" href=\"http:\/\/www.esjoseafonso.com\/wp\/wp-content\/uploads\/2025\/10\/OP4_Matriz_prova_recuperacao.pdf\" target=\"_blank\">OP4 Designa\u00e7\u00e3o: Programa\u00e7\u00e3o Linear<\/a><br><a rel=\"noreferrer noopener\" href=\"http:\/\/www.esjoseafonso.com\/wp\/wp-content\/uploads\/2025\/10\/OP5_Matriz_prova_recuperacao.pdf\" target=\"_blank\">OP5 Designa\u00e7\u00e3o: Modelos Discretos<\/a><br><a rel=\"noreferrer noopener\" href=\"http:\/\/www.esjoseafonso.com\/wp\/wp-content\/uploads\/2025\/10\/OP6_Matriz_prova_recuperacao.pdf\" target=\"_blank\">OP6 Designa\u00e7\u00e3o: Estat\u00edstica Computacional<\/a><br><br>Disciplina: <strong>ORGANIZA\u00c7\u00c3O E GEST\u00c3O DO DESPORTO<\/strong><br><a rel=\"noreferrer noopener\" href=\"http:\/\/www.esjoseafonso.com\/wp\/wp-content\/uploads\/2023\/07\/OGD_Mod-2.pdf\" target=\"_blank\">M2: 7247- Introdu\u00e7\u00e3o \u00e0 Gest\u00e3o do Desporto<\/a><br><a rel=\"noreferrer noopener\" href=\"http:\/\/www.esjoseafonso.com\/wp\/wp-content\/uploads\/2023\/03\/M3_Matriz_OGD.pdf\" target=\"_blank\">M3: 7248 &#8211; Estrat\u00e9gia e Desenvolvimento das Organiza\u00e7\u00f5es Desportivas<\/a><br><a rel=\"noreferrer noopener\" href=\"http:\/\/www.esjoseafonso.com\/wp\/wp-content\/uploads\/2022\/11\/OGD-Mod-4.pdf\" target=\"_blank\">M4: 7249 &#8211; Legisla\u00e7\u00e3o desportiva<\/a><br><a rel=\"noreferrer noopener\" href=\"http:\/\/www.esjoseafonso.com\/wp\/wp-content\/uploads\/2024\/02\/Matriz_OGD_Mod5_10oano.pdf\" target=\"_blank\">M5: 7250 &#8211; \u00c9tica e Deontologia no Desporto<\/a><br><a rel=\"noreferrer noopener\" href=\"http:\/\/www.esjoseafonso.com\/wp\/wp-content\/uploads\/2023\/07\/OGD_Mod-7.pdf\" target=\"_blank\">M7: 7252- Marketing do Desporto<\/a><br><a rel=\"noreferrer noopener\" href=\"http:\/\/www.esjoseafonso.com\/wp\/wp-content\/uploads\/2023\/07\/OGD_Mod_9.pdf\" target=\"_blank\">M9: 7254 &#8211; Financiamento e Patroc\u00ednios ao Desporto<\/a><br><a rel=\"noreferrer noopener\" href=\"http:\/\/www.esjoseafonso.com\/wp\/wp-content\/uploads\/2023\/07\/OGD-Mod-11.pdf\" target=\"_blank\">M11: 7843 &#8211; T\u00e9cnicas de Negocia\u00e7\u00e3o e Venda<\/a><br><br>Disciplina: <strong>PORTUGU\u00caS<\/strong><br><a rel=\"noreferrer noopener\" href=\"http:\/\/www.esjoseafonso.com\/wp\/wp-content\/uploads\/2023\/03\/M1_Matriz_Portugues_mar2023.pdf\" target=\"_blank\">M1 &#8211; Poesia trovadoresca e Cr\u00f3nica de D. Jo\u00e3o I de Fern\u00e3o Lopes<\/a><br><a rel=\"noreferrer noopener\" href=\"http:\/\/www.esjoseafonso.com\/wp\/wp-content\/uploads\/2022\/11\/Portugues-Mod-2.pdf\" target=\"_blank\">M2 &#8211; Unidade 1- GIL VICENTE, Farsa de In\u00eas Pereira<\/a><br><a rel=\"noreferrer noopener\" href=\"http:\/\/www.esjoseafonso.com\/wp\/wp-content\/uploads\/2023\/07\/Port-Mod-3.pdf\" target=\"_blank\">M3 &#8211; Lu\u00eds de Cam\u00f5es, Rimas, Os Lus\u00edadas (reflex\u00f5es do Poeta)<\/a><br><a rel=\"noreferrer noopener\" href=\"http:\/\/www.esjoseafonso.com\/wp\/wp-content\/uploads\/2023\/03\/M4_Matriz_Portugues_marco-2023.pdf\" target=\"_blank\">M4 &#8211; Padre Ant\u00f3nio Vieira, Serm\u00e3o de Santo Ant\u00f3nio; Almeida Garrett, Frei Lu\u00eds de Sousa<\/a><br><a rel=\"noreferrer noopener\" href=\"http:\/\/www.esjoseafonso.com\/wp\/wp-content\/uploads\/2022\/11\/Portugues-Mod-5.pdf\" target=\"_blank\">M5 &#8211; Camilo Castelo Branco, Amor de perdi\u00e7\u00e3o; E\u00e7a de Queir\u00f3s, Os Maias<\/a><br><a rel=\"noreferrer noopener\" href=\"http:\/\/www.esjoseafonso.com\/wp\/wp-content\/uploads\/2025\/02\/M6_Matriz-Portugues_mod_6.pdf\" target=\"_blank\">M6 &#8211; Antero de Quental e Ces\u00e1rio Verde<\/a><br><a rel=\"noreferrer noopener\" href=\"http:\/\/www.esjoseafonso.com\/wp\/wp-content\/uploads\/2023\/03\/M7_Matriz_Portugues_mar2023.pdf\" target=\"_blank\">M7 &#8211; Fernando Pessoa &#8211; Poesia l\u00edrica, Poesia do ort\u00f3nimo; Poesia dos heter\u00f3nimos: Alberto Caeiro, Ricardo Reis, \u00c1lvaro de Campos; Mensagem<\/a><br><a rel=\"noreferrer noopener\" href=\"http:\/\/www.esjoseafonso.com\/wp\/wp-content\/uploads\/2025\/05\/M8_Matriz_Portugues_maio2025.pdf\" target=\"_blank\">M8 &#8211; Poetas contempor\u00e2neos e Conto de autor portugu\u00eas s\u00e9c. XX<\/a><br><a rel=\"noreferrer noopener\" href=\"http:\/\/www.esjoseafonso.com\/wp\/wp-content\/uploads\/2025\/02\/M9_Matriz_Portugues_out2024.pdf\" target=\"_blank\">M9 &#8211; Jos\u00e9 Saramago, O Ano da Morte de Ricardo Reis (integral) OU Memorial do Convento (integral)<\/a><br><br><br>Disciplina: <strong>PR\u00c1TICA DAS ATIVIDADES F\u00cdSICAS E DESPORTIVAS<\/strong><br><a rel=\"noreferrer noopener\" href=\"http:\/\/www.esjoseafonso.com\/wp\/wp-content\/uploads\/2023\/02\/PAFD_M1_Fisiologia_do_Esforco22_23.pdf\" target=\"_blank\">M1: 7242 &#8211; Fisiologia do Esfor\u00e7o<\/a><br><a rel=\"noreferrer noopener\" href=\"http:\/\/www.esjoseafonso.com\/wp\/wp-content\/uploads\/2024\/11\/M2_Matriz-PAFD.pdf\" target=\"_blank\">M2: 7243 &#8211; Metodologia do Treino<\/a><br><a rel=\"noreferrer noopener\" href=\"http:\/\/www.esjoseafonso.com\/wp\/wp-content\/uploads\/2026\/02\/Matriz-PAFD-M3_7244.pdf\" target=\"_blank\">M3: 7244 &#8211; No\u00e7\u00f5es b\u00e1sicas de traumatologia e socorrismo<\/a><br><a rel=\"noreferrer noopener\" href=\"http:\/\/www.esjoseafonso.com\/wp\/wp-content\/uploads\/2024\/10\/Matriz_PAFD_Mod8_Atletismo_24.pdf\" target=\"_blank\">M8: 7283 &#8211; Atletismo<\/a><br><a rel=\"noreferrer noopener\" href=\"http:\/\/www.esjoseafonso.com\/wp\/wp-content\/uploads\/2024\/10\/Matriz_PAFD_Mod11_BTT_24.pdf\" target=\"_blank\">M11: 7290 &#8211; Bicicleta-todo-terreno<\/a> (<a rel=\"noreferrer noopener\" href=\"http:\/\/www.esjoseafonso.com\/wp\/wp-content\/uploads\/2024\/10\/Matriz_PAFD_Mod11_BTT_24.pdf\" target=\"_blank\">BTT)<\/a><br><a rel=\"noreferrer noopener\" href=\"http:\/\/www.esjoseafonso.com\/wp\/wp-content\/uploads\/2024\/10\/Matriz_PAFD_Mod12_Orientacao_24.pdf\" target=\"_blank\">M12: 7289 &#8211; Orienta\u00e7\u00e3o<\/a><br><a rel=\"noreferrer noopener\" href=\"http:\/\/www.esjoseafonso.com\/wp\/wp-content\/uploads\/2025\/05\/Matriz-M13-Canoagem-2024_25.pdf\" target=\"_blank\">M13: 7292 &#8211; Canoagem<\/a><br><br>Disciplina: <strong>PROGRAMA\u00c7\u00c3O E SISTEMAS DE INFORMA\u00c7\u00c3O<\/strong><br><a rel=\"noreferrer noopener\" href=\"http:\/\/www.esjoseafonso.com\/wp\/wp-content\/uploads\/2023\/03\/M1-\u2013-PSIIntroducao-a-programacao-e-algoritmia.pdf\" target=\"_blank\">M1 &#8211; Introdu\u00e7\u00e3o \u00e0 programa\u00e7\u00e3o e algoritmia<\/a><br><a rel=\"noreferrer noopener\" href=\"http:\/\/www.esjoseafonso.com\/wp\/wp-content\/uploads\/2025\/02\/Matriz_Mod2_PSI.pdf\" target=\"_blank\">M2 &#8211; Mecanismos de Controlo de Execu\u00e7\u00e3o<\/a><br><a rel=\"noreferrer noopener\" href=\"http:\/\/www.esjoseafonso.com\/wp\/wp-content\/uploads\/2025\/10\/Matriz_do_modulo6.pdf\" target=\"_blank\">M6 &#8211; Estruturas de Dados Din\u00e2micas<\/a><br><a rel=\"noreferrer noopener\" href=\"http:\/\/www.esjoseafonso.com\/wp\/wp-content\/uploads\/2023\/03\/M7-\u2013-PSITratamento-de-Ficheiros.pdf\" target=\"_blank\">M7 &#8211; Tratamento de Ficheiros<\/a><br><a rel=\"noreferrer noopener\" href=\"http:\/\/www.esjoseafonso.com\/wp\/wp-content\/uploads\/2025\/10\/Matriz_Mod16_PSI.pdf\" target=\"_blank\">M16 Designa\u00e7\u00e3o: Projeto de Software<\/a><br><a rel=\"noreferrer noopener\" href=\"http:\/\/www.esjoseafonso.com\/wp\/wp-content\/uploads\/2025\/10\/Matriz_Mod17A_PSI.pdf\" target=\"_blank\">M17A Designa\u00e7\u00e3o: Tecnologias de Acesso a Base de Dados<\/a><br><a rel=\"noreferrer noopener\" href=\"http:\/\/www.esjoseafonso.com\/wp\/wp-content\/uploads\/2025\/10\/Matriz_Mod17G_PSI.pdf\" target=\"_blank\">M17G Designa\u00e7\u00e3o: Ferramentas de Tratamento de Imagem<\/a><br><br>Disciplina: <strong>PSICOLOGIA<\/strong><br><a rel=\"noreferrer noopener\" href=\"http:\/\/www.esjoseafonso.com\/wp\/wp-content\/uploads\/2026\/02\/Matriz-de-exame-Psi-modulo-2_25_26.pdf\" target=\"_blank\">M2 &#8211; O Desenvolvimento Humano<\/a><br><a rel=\"noreferrer noopener\" href=\"http:\/\/www.esjoseafonso.com\/wp\/wp-content\/uploads\/2023\/03\/M3_Psicologia_Matriz.pdf\" target=\"_blank\">M3 &#8211; Processos Cognitivos, emocionais e motivacionais<\/a><br><a rel=\"noreferrer noopener\" href=\"http:\/\/www.esjoseafonso.com\/wp\/wp-content\/uploads\/2024\/10\/Matriz-online-Psicologia-modulo-6_24.pdf\" target=\"_blank\">M6 &#8211; Da diferen\u00e7a dos comportamentos \u00e0 diferencia\u00e7\u00e3o na interven\u00e7\u00e3o<\/a><br><br>Disciplina: <strong>REDES DE COMUNICA\u00c7\u00c3O<\/strong><br><a rel=\"noreferrer noopener\" href=\"http:\/\/www.esjoseafonso.com\/wp\/wp-content\/uploads\/2022\/11\/REDES_MOD_2.pdf\" target=\"_blank\">M2 &#8211; Redes de Computadores<\/a><br><a rel=\"noreferrer noopener\" href=\"http:\/\/www.esjoseafonso.com\/wp\/wp-content\/uploads\/2022\/11\/REDES_MOD_5.pdf\" target=\"_blank\">M5 &#8211; Desenvolvimento de P\u00e1ginas Web Din\u00e2micas<\/a><br><a rel=\"noreferrer noopener\" href=\"http:\/\/www.esjoseafonso.com\/wp\/wp-content\/uploads\/2025\/10\/Matriz_Redes_M7A.pdf\" target=\"_blank\">M7A &#8211; Acesso a Base de Dados via Web<\/a><br><a rel=\"noreferrer noopener\" href=\"http:\/\/www.esjoseafonso.com\/wp\/wp-content\/uploads\/2025\/10\/Matriz_Redes_M7D.pdf\" target=\"_blank\">M7D &#8211; Servidores de Correio Eletr\u00f4nico<\/a><br><br>Disciplina: <strong>SISTEMAS OPERATIVOS<\/strong><br><a rel=\"noreferrer noopener\" href=\"http:\/\/www.esjoseafonso.com\/wp\/wp-content\/uploads\/2025\/10\/Matriz_SO_M1.pdf\" target=\"_blank\">M1 &#8211; Introdu\u00e7\u00e3o aos Sistemas Operativos<\/a><br><a rel=\"noreferrer noopener\" href=\"http:\/\/www.esjoseafonso.com\/wp\/wp-content\/uploads\/2023\/03\/M3_SO_Matriz_2223.pdf\" target=\"_blank\">M3 &#8211; Sistema Operativo Servidor<\/a><br><br>Disciplina: <strong>TECNOLOGIAS DE INFORMA\u00c7\u00c3O E COMUNICA\u00c7\u00c3O<\/strong><br><a rel=\"noreferrer noopener\" href=\"http:\/\/www.esjoseafonso.com\/wp\/wp-content\/uploads\/2024\/02\/Matriz_M1_TIC10_2324_segundaepoca.pdf\" target=\"_blank\">M1 &#8211; Pesquisar, Filtrar e Estruturar Informa\u00e7\u00e3o e Conte\u00fados em Ambientes Digitais<\/a><br><a rel=\"noreferrer noopener\" href=\"https:\/\/www.esjoseafonso.com\/wp\/wp-content\/uploads\/2024\/05\/Matriz_M2_TIC-1.pdf\" target=\"_blank\">M2 &#8211; Organiza\u00e7\u00e3o e Tratamento de Dados<\/a><br><a rel=\"noreferrer noopener\" href=\"https:\/\/www.esjoseafonso.com\/wp\/wp-content\/uploads\/2024\/05\/Matriz_M5_TIC.pdf\" target=\"_blank\">M5 &#8211; Cria\u00e7\u00e3o de P\u00e1ginas Web<\/a><br><\/cite><\/blockquote>\n\n\n\n<p><\/p>\n<div class=\"al2fb_like_button\"><script src=\"http:\/\/connect.facebook.net\/pt_PT\/all.js#xfbml=1\"><\/script><fb:like href=\"https:\/\/www.esjoseafonso.com\/wp\/?page_id=7004\" layout=\"standard\" show_faces=\"true\" width=\"450\" action=\"like\" font=\"arial\" colorscheme=\"light\" ref=\"AL2FB\"><\/fb:like><\/div>","protected":false},"excerpt":{"rendered":"<p>\u00c9POCA de RECUPERA\u00c7\u00c3O &#8211; 2025\/2026 DISCIPLINAS Disciplina: \u00c1REA DE INTEGRA\u00c7\u00c3OM4 &#8211; A Pessoa, a Sociedade, o Mundo IV Disciplina: ARQUITETURA DE COMPUTADORESM2 &#8211; MONTAGEM E CONFIGURA\u00c7\u00c3O DE COMPUTADORESM4A &#8211; ARQUITETURA DE MICROPROCESSADORES Disciplina: DESPORTO IV &#8211; RUGBYM9443 &#8211; Rugby Disciplina: EDUCA\u00c7\u00c3O F\u00cdSICAM3 &#8211; Atletismo\/Raquetes e Patinagem I ( Atual m\u00f3dulo 7)M4 &#8211; Gin\u00e1stica 1M6 &#8211; [&hellip;]<\/p>\n","protected":false},"author":1,"featured_media":0,"parent":0,"menu_order":0,"comment_status":"closed","ping_status":"closed","template":"","meta":{"ngg_post_thumbnail":0,"_links_to":"","_links_to_target":""},"_links":{"self":[{"href":"https:\/\/www.esjoseafonso.com\/wp\/index.php?rest_route=\/wp\/v2\/pages\/7004"}],"collection":[{"href":"https:\/\/www.esjoseafonso.com\/wp\/index.php?rest_route=\/wp\/v2\/pages"}],"about":[{"href":"https:\/\/www.esjoseafonso.com\/wp\/index.php?rest_route=\/wp\/v2\/types\/page"}],"author":[{"embeddable":true,"href":"https:\/\/www.esjoseafonso.com\/wp\/index.php?rest_route=\/wp\/v2\/users\/1"}],"replies":[{"embeddable":true,"href":"https:\/\/www.esjoseafonso.com\/wp\/index.php?rest_route=%2Fwp%2Fv2%2Fcomments&post=7004"}],"version-history":[{"count":121,"href":"https:\/\/www.esjoseafonso.com\/wp\/index.php?rest_route=\/wp\/v2\/pages\/7004\/revisions"}],"predecessor-version":[{"id":10210,"href":"https:\/\/www.esjoseafonso.com\/wp\/index.php?rest_route=\/wp\/v2\/pages\/7004\/revisions\/10210"}],"wp:attachment":[{"href":"https:\/\/www.esjoseafonso.com\/wp\/index.php?rest_route=%2Fwp%2Fv2%2Fmedia&parent=7004"}],"curies":[{"name":"wp","href":"https:\/\/api.w.org\/{rel}","templated":true}]}}