{"id":71,"date":"2009-06-05T10:50:35","date_gmt":"2009-06-05T09:50:35","guid":{"rendered":"http:\/\/esjoseafonso.com\/wp\/?page_id=71"},"modified":"2022-01-05T18:39:52","modified_gmt":"2022-01-05T17:39:52","slug":"contactos","status":"publish","type":"page","link":"https:\/\/www.esjoseafonso.com\/wp\/?page_id=71","title":{"rendered":"Contactos"},"content":{"rendered":"<p>Escola Secund\u00e1ria Dr. Jos\u00e9 Afonso<br \/>\nAvenida Jos\u00e9 Afonso &#8211; Arrentela ( Bairro das Cavaquinhas )<br \/>\n2840-736 SEIXAL<\/p>\n<p>Telefone:<\/p>\n<ul>\n<li>212 276 600<\/li>\n<\/ul>\n<p>Fax:<\/p>\n<ul>\n<li>212 224 355<\/li>\n<\/ul>\n<p>E-mail:<\/p>\n<ul>\n<li>esjafonso@gmail.com<\/li>\n<\/ul>\n<p>&nbsp;<\/p>\n<h1>Formul\u00e1rio de Contacto<\/h1>\n<p>Preencha o seguinte formul\u00e1rio para nos contactar.<\/p>\n<p><strong>ATEN\u00c7\u00c3O:<\/strong> N\u00e3o utilize o formul\u00e1rio para solicitar qualquer tipo de documenta\u00e7\u00e3o.&nbsp;Para o efeito, dever\u00e1 dirigir-se \u00e0 Secretaria da escola.<\/p>\n<div role=\"form\" class=\"wpcf7\" id=\"wpcf7-f5014-o1\" dir=\"ltr\">\n<div class=\"screen-reader-response\"><p role=\"status\" aria-live=\"polite\" aria-atomic=\"true\"><\/p> <ul><\/ul><\/div>\n<form action=\"\/wp\/index.php?rest_route=%2Fwp%2Fv2%2Fpages%2F71#wpcf7-f5014-o1\" method=\"post\" class=\"wpcf7-form init\" novalidate=\"novalidate\" data-status=\"init\">\n<div style=\"display: none;\">\n<input type=\"hidden\" name=\"_wpcf7\" value=\"5014\" \/>\n<input type=\"hidden\" name=\"_wpcf7_version\" value=\"5.5.4\" \/>\n<input type=\"hidden\" name=\"_wpcf7_locale\" value=\"\" \/>\n<input type=\"hidden\" name=\"_wpcf7_unit_tag\" value=\"wpcf7-f5014-o1\" \/>\n<input type=\"hidden\" name=\"_wpcf7_container_post\" value=\"0\" \/>\n<input type=\"hidden\" name=\"_wpcf7_posted_data_hash\" value=\"\" \/>\n<\/div>\n<p>O seu nome (obrigat\u00f3rio)<br \/>\n    <span class=\"wpcf7-form-control-wrap your-name\"><input type=\"text\" name=\"your-name\" value=\"\" size=\"40\" class=\"wpcf7-form-control wpcf7-text wpcf7-validates-as-required\" aria-required=\"true\" aria-invalid=\"false\" \/><\/span> <\/p>\n<p>O seu e-mail (obrigat\u00f3rio)<br \/>\n    <span class=\"wpcf7-form-control-wrap your-email\"><input type=\"email\" name=\"your-email\" value=\"\" size=\"40\" class=\"wpcf7-form-control wpcf7-text wpcf7-email wpcf7-validates-as-required wpcf7-validates-as-email\" aria-required=\"true\" aria-invalid=\"false\" \/><\/span> <\/p>\n<p>O seu telefone (caso deseje fazer uma pr\u00e9-inscri\u00e7\u00e3o)<br \/>\n    <span class=\"wpcf7-form-control-wrap your-phone\"><input type=\"text\" name=\"your-phone\" value=\"\" size=\"40\" maxlength=\"9\" class=\"wpcf7-form-control wpcf7-text\" aria-invalid=\"false\" \/><\/span> <\/p>\n<p>Assunto (obrigat\u00f3rio)<br \/>\n    <span class=\"wpcf7-form-control-wrap your-subject\"><input type=\"text\" name=\"your-subject\" value=\"\" size=\"40\" class=\"wpcf7-form-control wpcf7-text wpcf7-validates-as-required\" aria-required=\"true\" aria-invalid=\"false\" \/><\/span> <\/p>\n<p>A sua mensagem (obrigat\u00f3rio)<br \/>\n    <span class=\"wpcf7-form-control-wrap your-message\"><textarea name=\"your-message\" cols=\"40\" rows=\"10\" class=\"wpcf7-form-control wpcf7-textarea wpcf7-validates-as-required\" aria-required=\"true\" aria-invalid=\"false\"><\/textarea><\/span> <\/p>\n<p><input type=\"hidden\" name=\"_wpcf7_captcha_challenge_Verificao\" value=\"2363235837\" \/><img class=\"wpcf7-form-control wpcf7-captchac wpcf7-captcha-Verificao\" width=\"84\" height=\"28\" alt=\"captcha\" src=\"https:\/\/www.esjoseafonso.com\/wp\/wp-content\/uploads\/wpcf7_captcha\/2363235837.png\" \/><br \/>\n<span class=\"wpcf7-form-control-wrap Verificao\"><input type=\"text\" name=\"Verificao\" value=\"\" size=\"40\" class=\"wpcf7-form-control wpcf7-captchar\" autocomplete=\"off\" aria-invalid=\"false\" \/><\/span><\/p>\n<p><input type=\"submit\" value=\"Enviar\" class=\"wpcf7-form-control has-spinner wpcf7-submit\" \/><\/p>\n<p style=\"display: none !important;\"><label>&#916;<textarea name=\"_wpcf7_ak_hp_textarea\" cols=\"45\" rows=\"8\" maxlength=\"100\"><\/textarea><\/label><input type=\"hidden\" id=\"ak_js_1\" name=\"_wpcf7_ak_js\" value=\"181\"\/><script>document.getElementById( \"ak_js_1\" ).setAttribute( \"value\", ( new Date() ).getTime() );<\/script><\/p><div class=\"wpcf7-response-output\" aria-hidden=\"true\"><\/div><\/form><\/div>\n<div class=\"al2fb_like_button\"><script src=\"http:\/\/connect.facebook.net\/pt_PT\/all.js#xfbml=1\"><\/script><fb:like href=\"https:\/\/www.esjoseafonso.com\/wp\/?page_id=71\" layout=\"standard\" show_faces=\"true\" width=\"450\" action=\"like\" font=\"arial\" colorscheme=\"light\" ref=\"AL2FB\"><\/fb:like><\/div>","protected":false},"excerpt":{"rendered":"<p>Escola Secund\u00e1ria Dr. Jos\u00e9 Afonso Avenida Jos\u00e9 Afonso &#8211; Arrentela ( Bairro das Cavaquinhas ) 2840-736 SEIXAL Telefone: 212 276 600 Fax: 212 224 355 E-mail: esjafonso@gmail.com &nbsp; Formul\u00e1rio de Contacto Preencha o seguinte formul\u00e1rio para nos contactar. ATEN\u00c7\u00c3O: N\u00e3o utilize o formul\u00e1rio para solicitar qualquer tipo de documenta\u00e7\u00e3o.&nbsp;Para o efeito, dever\u00e1 dirigir-se \u00e0 Secretaria [&hellip;]<\/p>\n","protected":false},"author":1,"featured_media":0,"parent":14,"menu_order":8,"comment_status":"closed","ping_status":"closed","template":"","meta":{"ngg_post_thumbnail":0,"_links_to":"","_links_to_target":""},"_links":{"self":[{"href":"https:\/\/www.esjoseafonso.com\/wp\/index.php?rest_route=\/wp\/v2\/pages\/71"}],"collection":[{"href":"https:\/\/www.esjoseafonso.com\/wp\/index.php?rest_route=\/wp\/v2\/pages"}],"about":[{"href":"https:\/\/www.esjoseafonso.com\/wp\/index.php?rest_route=\/wp\/v2\/types\/page"}],"author":[{"embeddable":true,"href":"https:\/\/www.esjoseafonso.com\/wp\/index.php?rest_route=\/wp\/v2\/users\/1"}],"replies":[{"embeddable":true,"href":"https:\/\/www.esjoseafonso.com\/wp\/index.php?rest_route=%2Fwp%2Fv2%2Fcomments&post=71"}],"version-history":[{"count":11,"href":"https:\/\/www.esjoseafonso.com\/wp\/index.php?rest_route=\/wp\/v2\/pages\/71\/revisions"}],"predecessor-version":[{"id":6078,"href":"https:\/\/www.esjoseafonso.com\/wp\/index.php?rest_route=\/wp\/v2\/pages\/71\/revisions\/6078"}],"up":[{"embeddable":true,"href":"https:\/\/www.esjoseafonso.com\/wp\/index.php?rest_route=\/wp\/v2\/pages\/14"}],"wp:attachment":[{"href":"https:\/\/www.esjoseafonso.com\/wp\/index.php?rest_route=%2Fwp%2Fv2%2Fmedia&parent=71"}],"curies":[{"name":"wp","href":"https:\/\/api.w.org\/{rel}","templated":true}]}}