{"id":7192,"date":"2023-02-11T15:17:10","date_gmt":"2023-02-11T14:17:10","guid":{"rendered":"http:\/\/www.esjoseafonso.com\/wp\/?page_id=7192"},"modified":"2023-02-11T15:24:08","modified_gmt":"2023-02-11T14:24:08","slug":"desporto-escolar-3","status":"publish","type":"page","link":"https:\/\/www.esjoseafonso.com\/wp\/?page_id=7192","title":{"rendered":"Desporto Escolar &#8211; Ano letivo 2022\/2023"},"content":{"rendered":"\n<p>O Grupo Equipa de Nata\u00e7\u00e3o do Desporto Escolar esteve representado por 11 dos seus ementos no 1\u00ba Encontro de Nata\u00e7\u00e3o, que se realizou nas Piscinas Municipais da Sobreda. Todos eles s\u00e3o alunos n\u00e3o federados que iniciaram a sua pr\u00e1tica de nata\u00e7\u00e3o este ano, com uma excelente presta\u00e7\u00e3o na sua estreia. PARAB\u00c9NS A TODOS, CARREGA JOS\u00c9 AFONSO!!<\/p>\n\n\n\n<figure class=\"wp-block-image size-large\"><a href=\"http:\/\/www.esjoseafonso.com\/wp\/wp-content\/uploads\/2023\/02\/desp_escolar_2023_1.png\"><img loading=\"lazy\" width=\"1024\" height=\"768\" src=\"http:\/\/www.esjoseafonso.com\/wp\/wp-content\/uploads\/2023\/02\/desp_escolar_2023_1-1024x768.png\" alt=\"\" class=\"wp-image-7194\" srcset=\"https:\/\/www.esjoseafonso.com\/wp\/wp-content\/uploads\/2023\/02\/desp_escolar_2023_1-1024x768.png 1024w, https:\/\/www.esjoseafonso.com\/wp\/wp-content\/uploads\/2023\/02\/desp_escolar_2023_1-300x225.png 300w, https:\/\/www.esjoseafonso.com\/wp\/wp-content\/uploads\/2023\/02\/desp_escolar_2023_1-768x576.png 768w, https:\/\/www.esjoseafonso.com\/wp\/wp-content\/uploads\/2023\/02\/desp_escolar_2023_1-400x300.png 400w, https:\/\/www.esjoseafonso.com\/wp\/wp-content\/uploads\/2023\/02\/desp_escolar_2023_1.png 1280w\" sizes=\"(max-width: 1024px) 100vw, 1024px\" \/><\/a><\/figure>\n\n\n\n<figure class=\"wp-block-image size-large\"><a href=\"http:\/\/www.esjoseafonso.com\/wp\/wp-content\/uploads\/2023\/02\/desp_escolar_2023_2.png\"><img loading=\"lazy\" width=\"1024\" height=\"768\" src=\"http:\/\/www.esjoseafonso.com\/wp\/wp-content\/uploads\/2023\/02\/desp_escolar_2023_2-1024x768.png\" alt=\"\" class=\"wp-image-7195\" srcset=\"https:\/\/www.esjoseafonso.com\/wp\/wp-content\/uploads\/2023\/02\/desp_escolar_2023_2-1024x768.png 1024w, https:\/\/www.esjoseafonso.com\/wp\/wp-content\/uploads\/2023\/02\/desp_escolar_2023_2-300x225.png 300w, https:\/\/www.esjoseafonso.com\/wp\/wp-content\/uploads\/2023\/02\/desp_escolar_2023_2-768x576.png 768w, https:\/\/www.esjoseafonso.com\/wp\/wp-content\/uploads\/2023\/02\/desp_escolar_2023_2-400x300.png 400w, https:\/\/www.esjoseafonso.com\/wp\/wp-content\/uploads\/2023\/02\/desp_escolar_2023_2.png 1280w\" sizes=\"(max-width: 1024px) 100vw, 1024px\" \/><\/a><\/figure>\n\n\n\n<figure class=\"wp-block-image size-large\"><a href=\"http:\/\/www.esjoseafonso.com\/wp\/wp-content\/uploads\/2023\/02\/desp_escolar_2023_3.png\"><img loading=\"lazy\" width=\"1024\" height=\"768\" src=\"http:\/\/www.esjoseafonso.com\/wp\/wp-content\/uploads\/2023\/02\/desp_escolar_2023_3-1024x768.png\" alt=\"\" class=\"wp-image-7196\" srcset=\"https:\/\/www.esjoseafonso.com\/wp\/wp-content\/uploads\/2023\/02\/desp_escolar_2023_3-1024x768.png 1024w, https:\/\/www.esjoseafonso.com\/wp\/wp-content\/uploads\/2023\/02\/desp_escolar_2023_3-300x225.png 300w, https:\/\/www.esjoseafonso.com\/wp\/wp-content\/uploads\/2023\/02\/desp_escolar_2023_3-768x576.png 768w, https:\/\/www.esjoseafonso.com\/wp\/wp-content\/uploads\/2023\/02\/desp_escolar_2023_3-400x300.png 400w, https:\/\/www.esjoseafonso.com\/wp\/wp-content\/uploads\/2023\/02\/desp_escolar_2023_3.png 1280w\" sizes=\"(max-width: 1024px) 100vw, 1024px\" \/><\/a><\/figure>\n\n\n\n<figure class=\"wp-block-image size-large\"><a href=\"http:\/\/www.esjoseafonso.com\/wp\/wp-content\/uploads\/2023\/02\/desp_escolar_2023_4.png\"><img loading=\"lazy\" width=\"1024\" height=\"768\" src=\"http:\/\/www.esjoseafonso.com\/wp\/wp-content\/uploads\/2023\/02\/desp_escolar_2023_4-1024x768.png\" alt=\"\" class=\"wp-image-7197\" srcset=\"https:\/\/www.esjoseafonso.com\/wp\/wp-content\/uploads\/2023\/02\/desp_escolar_2023_4-1024x768.png 1024w, https:\/\/www.esjoseafonso.com\/wp\/wp-content\/uploads\/2023\/02\/desp_escolar_2023_4-300x225.png 300w, https:\/\/www.esjoseafonso.com\/wp\/wp-content\/uploads\/2023\/02\/desp_escolar_2023_4-768x576.png 768w, https:\/\/www.esjoseafonso.com\/wp\/wp-content\/uploads\/2023\/02\/desp_escolar_2023_4-400x300.png 400w, https:\/\/www.esjoseafonso.com\/wp\/wp-content\/uploads\/2023\/02\/desp_escolar_2023_4.png 1280w\" sizes=\"(max-width: 1024px) 100vw, 1024px\" \/><\/a><\/figure>\n\n\n\n<div class=\"wp-block-buttons\">\n<div class=\"wp-block-button\"><a class=\"wp-block-button__link has-luminous-vivid-amber-background-color has-background\" href=\"http:\/\/www.esjoseafonso.com\/wp\/?page_id=7178\">Voltar<\/a><\/div>\n<\/div>\n\n\n\n<p><\/p>\n<div class=\"al2fb_like_button\"><script src=\"http:\/\/connect.facebook.net\/pt_PT\/all.js#xfbml=1\"><\/script><fb:like href=\"https:\/\/www.esjoseafonso.com\/wp\/?page_id=7192\" layout=\"standard\" show_faces=\"true\" width=\"450\" action=\"like\" font=\"arial\" colorscheme=\"light\" ref=\"AL2FB\"><\/fb:like><\/div>","protected":false},"excerpt":{"rendered":"<p>O Grupo Equipa de Nata\u00e7\u00e3o do Desporto Escolar esteve representado por 11 dos seus ementos no 1\u00ba Encontro de Nata\u00e7\u00e3o, que se realizou nas Piscinas Municipais da Sobreda. Todos eles s\u00e3o alunos n\u00e3o federados que iniciaram a sua pr\u00e1tica de nata\u00e7\u00e3o este ano, com uma excelente presta\u00e7\u00e3o na sua estreia. PARAB\u00c9NS A TODOS, CARREGA JOS\u00c9 [&hellip;]<\/p>\n","protected":false},"author":1,"featured_media":0,"parent":0,"menu_order":0,"comment_status":"closed","ping_status":"closed","template":"","meta":{"ngg_post_thumbnail":0,"_links_to":"","_links_to_target":""},"_links":{"self":[{"href":"https:\/\/www.esjoseafonso.com\/wp\/index.php?rest_route=\/wp\/v2\/pages\/7192"}],"collection":[{"href":"https:\/\/www.esjoseafonso.com\/wp\/index.php?rest_route=\/wp\/v2\/pages"}],"about":[{"href":"https:\/\/www.esjoseafonso.com\/wp\/index.php?rest_route=\/wp\/v2\/types\/page"}],"author":[{"embeddable":true,"href":"https:\/\/www.esjoseafonso.com\/wp\/index.php?rest_route=\/wp\/v2\/users\/1"}],"replies":[{"embeddable":true,"href":"https:\/\/www.esjoseafonso.com\/wp\/index.php?rest_route=%2Fwp%2Fv2%2Fcomments&post=7192"}],"version-history":[{"count":5,"href":"https:\/\/www.esjoseafonso.com\/wp\/index.php?rest_route=\/wp\/v2\/pages\/7192\/revisions"}],"predecessor-version":[{"id":7202,"href":"https:\/\/www.esjoseafonso.com\/wp\/index.php?rest_route=\/wp\/v2\/pages\/7192\/revisions\/7202"}],"wp:attachment":[{"href":"https:\/\/www.esjoseafonso.com\/wp\/index.php?rest_route=%2Fwp%2Fv2%2Fmedia&parent=7192"}],"curies":[{"name":"wp","href":"https:\/\/api.w.org\/{rel}","templated":true}]}}