{"id":7996,"date":"2023-11-08T12:05:01","date_gmt":"2023-11-08T11:05:01","guid":{"rendered":"https:\/\/www.esjoseafonso.com\/wp\/?page_id=7996"},"modified":"2025-10-12T11:28:14","modified_gmt":"2025-10-12T10:28:14","slug":"uaare","status":"publish","type":"page","link":"https:\/\/www.esjoseafonso.com\/wp\/?page_id=7996","title":{"rendered":"UAARE &#8211; Unidade de Apoio ao Alto Rendimento na Escola"},"content":{"rendered":"\n<p><\/p>\n\n\n\n<p><strong><a href=\"http:\/\/www.esjoseafonso.com\/wp\/wp-content\/uploads\/2025\/10\/Portaria_275_2019.pdf\" target=\"_blank\" rel=\"noreferrer noopener\">Portaria n.\u00ba 275\/2019, de 27 de agosto<\/a>\u00a0&#8211;\u00a0<\/strong>regulamenta o funcionamento\u00a0do\u00a0Programa UAARE<\/p>\n\n\n\n<p>Recomendamos, em particular, a leitura do\u00a0<strong>art.\u00ba 2.\u00ba<\/strong>\u00a0:<\/p>\n\n\n\n<p><strong>1<\/strong> &#8211; As UAARE t\u00eam os seguintes destinat\u00e1rios:<\/p>\n\n\n\n<div class=\"wp-block-group\"><div class=\"wp-block-group__inner-container\">\n<p><strong>a)<\/strong> Alunos-atletas de n\u00edvel I (com\u00a0estatuto\u00a0de alto rendimento, ao abrigo\u00a0do\u00a0Dec. Lei. n.\u00ba 272\/2009, de 1 de outubro);<\/p>\n\n\n\n<p><strong>b)<\/strong> Alunos-atletas de n\u00edvel II (que integrem as sele\u00e7\u00f5es nacionais, ao abrigo\u00a0do\u00a0Dec. Lei n.\u00ba 45\/2013, de 5 de abril);<\/p>\n\n\n\n<p><strong>c)<\/strong> Alunos-atletas de n\u00edvel III (com potencial talento desportivo, mediante comprovativo que ateste tal estatuto, com evid\u00eancias relevantes, validadas pelo diretor t\u00e9cnico nacional da federa\u00e7\u00e3o da respetiva modalidade desportiva).<\/p>\n<\/div><\/div>\n\n\n\n<p><br>Sugerimos a consulta da p\u00e1gina\u00a0<a rel=\"noreferrer noopener\" target=\"_blank\" href=\"https:\/\/uaare.dge.min-educ.pt\/pt\">https:\/\/uaare.dge.min-educ.pt\/pt<\/a><\/p>\n\n\n\n<div style=\"height:20px\" aria-hidden=\"true\" class=\"wp-block-spacer\"><\/div>\n\n\n\n<hr class=\"wp-block-separator is-style-wide\"\/>\n\n\n\n<div style=\"height:22px\" aria-hidden=\"true\" class=\"wp-block-spacer\"><\/div>\n\n\n\n<h2><strong>Newsletters<\/strong><\/h2>\n\n\n\n<blockquote class=\"wp-block-quote\"><p><a rel=\"noreferrer noopener\" href=\"http:\/\/www.esjoseafonso.com\/wp\/wp-content\/uploads\/2023\/11\/Newsletter-1_UAARE_ESJA_23.24.pdf\" target=\"_blank\">Newsletter n\u00ba1<\/a><\/p><\/blockquote>\n\n\n\n<blockquote class=\"wp-block-quote\"><p><a href=\"http:\/\/www.esjoseafonso.com\/wp\/wp-content\/uploads\/2023\/12\/Newsletter-2_UAARE_ESJA_23.24.pdf\" target=\"_blank\" rel=\"noreferrer noopener\">Newsletter n\u00ba2<\/a><\/p><\/blockquote>\n\n\n\n<blockquote class=\"wp-block-quote\"><p><a href=\"http:\/\/www.esjoseafonso.com\/wp\/wp-content\/uploads\/2024\/12\/Newsletter-3_UAARE_ESJA_23.24.pdf\" target=\"_blank\" rel=\"noreferrer noopener\">Newsletter n\u00ba3<\/a><\/p><\/blockquote>\n\n\n\n<blockquote class=\"wp-block-quote\"><p><a href=\"http:\/\/www.esjoseafonso.com\/wp\/wp-content\/uploads\/2024\/12\/Newsletter-4_UAARE_ESJA_23.24.pdf\" target=\"_blank\" rel=\"noreferrer noopener\">Newsletter n\u00ba4<\/a><\/p><\/blockquote>\n\n\n\n<blockquote class=\"wp-block-quote\"><p><a href=\"http:\/\/www.esjoseafonso.com\/wp\/wp-content\/uploads\/2024\/12\/Newsletter-5_UAARE_ESJA_24.25.pdf\" target=\"_blank\" rel=\"noreferrer noopener\">Newsletter n\u00ba5<\/a><\/p><\/blockquote>\n<div class=\"al2fb_like_button\"><script src=\"http:\/\/connect.facebook.net\/pt_PT\/all.js#xfbml=1\"><\/script><fb:like href=\"https:\/\/www.esjoseafonso.com\/wp\/?page_id=7996\" layout=\"standard\" show_faces=\"true\" width=\"450\" action=\"like\" font=\"arial\" colorscheme=\"light\" ref=\"AL2FB\"><\/fb:like><\/div>","protected":false},"excerpt":{"rendered":"<p>Portaria n.\u00ba 275\/2019, de 27 de agosto\u00a0&#8211;\u00a0regulamenta o funcionamento\u00a0do\u00a0Programa UAARE Recomendamos, em particular, a leitura do\u00a0art.\u00ba 2.\u00ba\u00a0: 1 &#8211; As UAARE t\u00eam os seguintes destinat\u00e1rios: Sugerimos a consulta da p\u00e1gina\u00a0https:\/\/uaare.dge.min-educ.pt\/pt Newsletters Newsletter n\u00ba1 Newsletter n\u00ba2 Newsletter n\u00ba3 Newsletter n\u00ba4 Newsletter n\u00ba5<\/p>\n","protected":false},"author":1,"featured_media":0,"parent":0,"menu_order":0,"comment_status":"closed","ping_status":"closed","template":"","meta":{"ngg_post_thumbnail":0,"_links_to":"","_links_to_target":""},"_links":{"self":[{"href":"https:\/\/www.esjoseafonso.com\/wp\/index.php?rest_route=\/wp\/v2\/pages\/7996"}],"collection":[{"href":"https:\/\/www.esjoseafonso.com\/wp\/index.php?rest_route=\/wp\/v2\/pages"}],"about":[{"href":"https:\/\/www.esjoseafonso.com\/wp\/index.php?rest_route=\/wp\/v2\/types\/page"}],"author":[{"embeddable":true,"href":"https:\/\/www.esjoseafonso.com\/wp\/index.php?rest_route=\/wp\/v2\/users\/1"}],"replies":[{"embeddable":true,"href":"https:\/\/www.esjoseafonso.com\/wp\/index.php?rest_route=%2Fwp%2Fv2%2Fcomments&post=7996"}],"version-history":[{"count":10,"href":"https:\/\/www.esjoseafonso.com\/wp\/index.php?rest_route=\/wp\/v2\/pages\/7996\/revisions"}],"predecessor-version":[{"id":9792,"href":"https:\/\/www.esjoseafonso.com\/wp\/index.php?rest_route=\/wp\/v2\/pages\/7996\/revisions\/9792"}],"wp:attachment":[{"href":"https:\/\/www.esjoseafonso.com\/wp\/index.php?rest_route=%2Fwp%2Fv2%2Fmedia&parent=7996"}],"curies":[{"name":"wp","href":"https:\/\/api.w.org\/{rel}","templated":true}]}}