{"id":8539,"date":"2024-09-18T16:43:07","date_gmt":"2024-09-18T15:43:07","guid":{"rendered":"https:\/\/www.esjoseafonso.com\/wp\/?page_id=8539"},"modified":"2024-09-20T12:02:53","modified_gmt":"2024-09-20T11:02:53","slug":"inovar","status":"publish","type":"page","link":"https:\/\/www.esjoseafonso.com\/wp\/?page_id=8539","title":{"rendered":"inovar+"},"content":{"rendered":"\n<div class=\"wp-block-media-text alignwide is-stacked-on-mobile\" style=\"grid-template-columns:40% auto\"><figure class=\"wp-block-media-text__media\"><a href=\"https:\/\/esjoseafonso.inovarmais.com\/consulta\/app\/index.html#\/login\" target=\"_blank\" rel=\"noopener\"><img loading=\"lazy\" width=\"534\" height=\"177\" src=\"https:\/\/www.esjoseafonso.com\/wp\/wp-content\/uploads\/2024\/09\/inovarconsulta_ESJA.jpg\" alt=\"\" class=\"wp-image-8579 size-full\" srcset=\"https:\/\/www.esjoseafonso.com\/wp\/wp-content\/uploads\/2024\/09\/inovarconsulta_ESJA.jpg 534w, https:\/\/www.esjoseafonso.com\/wp\/wp-content\/uploads\/2024\/09\/inovarconsulta_ESJA-300x99.jpg 300w, https:\/\/www.esjoseafonso.com\/wp\/wp-content\/uploads\/2024\/09\/inovarconsulta_ESJA-400x133.jpg 400w\" sizes=\"(max-width: 534px) 100vw, 534px\" \/><\/a><\/figure><div class=\"wp-block-media-text__content\">\n<blockquote class=\"wp-block-quote\"><p><a href=\"https:\/\/esjoseafonso.inovarmais.com\/consulta\/app\/index.html#\/login\" target=\"_blank\" rel=\"noreferrer noopener\">Portal para a Comunidade Educativa<\/a><\/p><\/blockquote>\n\n\n\n<p><\/p>\n<\/div><\/div>\n\n\n\n<div class=\"wp-block-media-text alignwide is-stacked-on-mobile\" style=\"grid-template-columns:39% auto\"><figure class=\"wp-block-media-text__media\"><a href=\"https:\/\/esjoseafonso.unicard.pt\/inovarsige\" target=\"_blank\" rel=\"noopener\"><img loading=\"lazy\" width=\"425\" height=\"154\" src=\"https:\/\/www.esjoseafonso.com\/wp\/wp-content\/uploads\/2024\/09\/inovarsige_ESJA.jpg\" alt=\"\" class=\"wp-image-8580 size-full\" srcset=\"https:\/\/www.esjoseafonso.com\/wp\/wp-content\/uploads\/2024\/09\/inovarsige_ESJA.jpg 425w, https:\/\/www.esjoseafonso.com\/wp\/wp-content\/uploads\/2024\/09\/inovarsige_ESJA-300x109.jpg 300w, https:\/\/www.esjoseafonso.com\/wp\/wp-content\/uploads\/2024\/09\/inovarsige_ESJA-400x145.jpg 400w\" sizes=\"(max-width: 425px) 100vw, 425px\" \/><\/a><\/figure><div class=\"wp-block-media-text__content\">\n<blockquote class=\"wp-block-quote\"><p><a href=\"https:\/\/esjoseafonso.unicard.pt\/inovarsige\" target=\"_blank\" rel=\"noreferrer noopener\">Gest\u00e3o de Acessos, Venda de produtos, Gest\u00e3o de Refei\u00e7\u00f5es, Micropagamentos, Indicadores<\/a><\/p><\/blockquote>\n\n\n\n<p><\/p>\n<\/div><\/div>\n\n\n\n<hr class=\"wp-block-separator\"\/>\n\n\n\n<h2>Manual de esclarecimento<\/h2>\n\n\n\n<figure class=\"wp-block-image size-large\"><a href=\"http:\/\/www.esjoseafonso.com\/wp\/wp-content\/uploads\/2024\/09\/Manual-Inovar-e-SIGE-para-pagina.pdf\" target=\"_blank\" rel=\"noopener\"><img loading=\"lazy\" width=\"600\" height=\"849\" src=\"https:\/\/www.esjoseafonso.com\/wp\/wp-content\/uploads\/2024\/09\/Manual-Inovar-e-SIGE-para-pagina.jpg\" alt=\"\" class=\"wp-image-8575\" srcset=\"https:\/\/www.esjoseafonso.com\/wp\/wp-content\/uploads\/2024\/09\/Manual-Inovar-e-SIGE-para-pagina.jpg 600w, https:\/\/www.esjoseafonso.com\/wp\/wp-content\/uploads\/2024\/09\/Manual-Inovar-e-SIGE-para-pagina-212x300.jpg 212w\" sizes=\"(max-width: 600px) 100vw, 600px\" \/><\/a><\/figure>\n<div class=\"al2fb_like_button\"><script src=\"http:\/\/connect.facebook.net\/pt_PT\/all.js#xfbml=1\"><\/script><fb:like href=\"https:\/\/www.esjoseafonso.com\/wp\/?page_id=8539\" layout=\"standard\" show_faces=\"true\" width=\"450\" action=\"like\" font=\"arial\" colorscheme=\"light\" ref=\"AL2FB\"><\/fb:like><\/div>","protected":false},"excerpt":{"rendered":"<p>Portal para a Comunidade Educativa Gest\u00e3o de Acessos, Venda de produtos, Gest\u00e3o de Refei\u00e7\u00f5es, Micropagamentos, Indicadores Manual de esclarecimento<\/p>\n","protected":false},"author":1,"featured_media":0,"parent":0,"menu_order":0,"comment_status":"closed","ping_status":"closed","template":"","meta":{"ngg_post_thumbnail":0,"_links_to":"","_links_to_target":""},"_links":{"self":[{"href":"https:\/\/www.esjoseafonso.com\/wp\/index.php?rest_route=\/wp\/v2\/pages\/8539"}],"collection":[{"href":"https:\/\/www.esjoseafonso.com\/wp\/index.php?rest_route=\/wp\/v2\/pages"}],"about":[{"href":"https:\/\/www.esjoseafonso.com\/wp\/index.php?rest_route=\/wp\/v2\/types\/page"}],"author":[{"embeddable":true,"href":"https:\/\/www.esjoseafonso.com\/wp\/index.php?rest_route=\/wp\/v2\/users\/1"}],"replies":[{"embeddable":true,"href":"https:\/\/www.esjoseafonso.com\/wp\/index.php?rest_route=%2Fwp%2Fv2%2Fcomments&post=8539"}],"version-history":[{"count":8,"href":"https:\/\/www.esjoseafonso.com\/wp\/index.php?rest_route=\/wp\/v2\/pages\/8539\/revisions"}],"predecessor-version":[{"id":8590,"href":"https:\/\/www.esjoseafonso.com\/wp\/index.php?rest_route=\/wp\/v2\/pages\/8539\/revisions\/8590"}],"wp:attachment":[{"href":"https:\/\/www.esjoseafonso.com\/wp\/index.php?rest_route=%2Fwp%2Fv2%2Fmedia&parent=8539"}],"curies":[{"name":"wp","href":"https:\/\/api.w.org\/{rel}","templated":true}]}}