{"id":9730,"date":"2025-10-01T19:11:10","date_gmt":"2025-10-01T18:11:10","guid":{"rendered":"https:\/\/www.esjoseafonso.com\/wp\/?page_id=9730"},"modified":"2025-10-01T21:16:17","modified_gmt":"2025-10-01T20:16:17","slug":"led","status":"publish","type":"page","link":"https:\/\/www.esjoseafonso.com\/wp\/?page_id=9730","title":{"rendered":"LED"},"content":{"rendered":"\n<figure class=\"wp-block-image size-large is-resized\"><a href=\"https:\/\/www.esjoseafonso.com\/wp\/wp-content\/uploads\/2025\/10\/Logo_LED.png\"><img loading=\"lazy\" src=\"https:\/\/www.esjoseafonso.com\/wp\/wp-content\/uploads\/2025\/10\/Logo_LED-1024x582.png\" alt=\"\" class=\"wp-image-9734\" width=\"249\" height=\"142\" srcset=\"https:\/\/www.esjoseafonso.com\/wp\/wp-content\/uploads\/2025\/10\/Logo_LED-1024x582.png 1024w, https:\/\/www.esjoseafonso.com\/wp\/wp-content\/uploads\/2025\/10\/Logo_LED-300x170.png 300w, https:\/\/www.esjoseafonso.com\/wp\/wp-content\/uploads\/2025\/10\/Logo_LED-768x436.png 768w, https:\/\/www.esjoseafonso.com\/wp\/wp-content\/uploads\/2025\/10\/Logo_LED-1536x872.png 1536w, https:\/\/www.esjoseafonso.com\/wp\/wp-content\/uploads\/2025\/10\/Logo_LED-2048x1163.png 2048w, https:\/\/www.esjoseafonso.com\/wp\/wp-content\/uploads\/2025\/10\/Logo_LED-400x227.png 400w\" sizes=\"(max-width: 249px) 100vw, 249px\" \/><\/a><\/figure>\n\n\n\n<p><a rel=\"noreferrer noopener\" href=\"http:\/\/www.esjoseafonso.com\/wp\/wp-content\/uploads\/2025\/10\/Equipamento_Laboratorio_Educacao_Digital.pdf\" target=\"_blank\">DOCUMENRO SOBRE OS EQUIPAMENTOS DO LABORAT\u00d3RIO EDUCA\u00c7\u00c3O DIGITAL (LED TIPO III)<\/a><\/p>\n\n\n\n<figure class=\"wp-block-image size-large\"><a href=\"http:\/\/www.esjoseafonso.com\/wp\/wp-content\/uploads\/2025\/10\/Equipamento_Laboratorio_Educacao_Digital.pdf\" target=\"_blank\" rel=\"noopener\"><img loading=\"lazy\" width=\"890\" height=\"500\" src=\"https:\/\/www.esjoseafonso.com\/wp\/wp-content\/uploads\/2025\/10\/Equipamento_Laboratorio_Educacao_Digital.jpg\" alt=\"\" class=\"wp-image-9738\" srcset=\"https:\/\/www.esjoseafonso.com\/wp\/wp-content\/uploads\/2025\/10\/Equipamento_Laboratorio_Educacao_Digital.jpg 890w, https:\/\/www.esjoseafonso.com\/wp\/wp-content\/uploads\/2025\/10\/Equipamento_Laboratorio_Educacao_Digital-300x169.jpg 300w, https:\/\/www.esjoseafonso.com\/wp\/wp-content\/uploads\/2025\/10\/Equipamento_Laboratorio_Educacao_Digital-768x431.jpg 768w, https:\/\/www.esjoseafonso.com\/wp\/wp-content\/uploads\/2025\/10\/Equipamento_Laboratorio_Educacao_Digital-400x225.jpg 400w\" sizes=\"(max-width: 890px) 100vw, 890px\" \/><\/a><\/figure>\n<div class=\"al2fb_like_button\"><script src=\"http:\/\/connect.facebook.net\/pt_PT\/all.js#xfbml=1\"><\/script><fb:like href=\"https:\/\/www.esjoseafonso.com\/wp\/?page_id=9730\" layout=\"standard\" show_faces=\"true\" width=\"450\" action=\"like\" font=\"arial\" colorscheme=\"light\" ref=\"AL2FB\"><\/fb:like><\/div>","protected":false},"excerpt":{"rendered":"<p>DOCUMENRO SOBRE OS EQUIPAMENTOS DO LABORAT\u00d3RIO EDUCA\u00c7\u00c3O DIGITAL (LED TIPO III)<\/p>\n","protected":false},"author":1,"featured_media":0,"parent":0,"menu_order":0,"comment_status":"closed","ping_status":"closed","template":"","meta":{"ngg_post_thumbnail":0,"_links_to":"","_links_to_target":""},"_links":{"self":[{"href":"https:\/\/www.esjoseafonso.com\/wp\/index.php?rest_route=\/wp\/v2\/pages\/9730"}],"collection":[{"href":"https:\/\/www.esjoseafonso.com\/wp\/index.php?rest_route=\/wp\/v2\/pages"}],"about":[{"href":"https:\/\/www.esjoseafonso.com\/wp\/index.php?rest_route=\/wp\/v2\/types\/page"}],"author":[{"embeddable":true,"href":"https:\/\/www.esjoseafonso.com\/wp\/index.php?rest_route=\/wp\/v2\/users\/1"}],"replies":[{"embeddable":true,"href":"https:\/\/www.esjoseafonso.com\/wp\/index.php?rest_route=%2Fwp%2Fv2%2Fcomments&post=9730"}],"version-history":[{"count":5,"href":"https:\/\/www.esjoseafonso.com\/wp\/index.php?rest_route=\/wp\/v2\/pages\/9730\/revisions"}],"predecessor-version":[{"id":9741,"href":"https:\/\/www.esjoseafonso.com\/wp\/index.php?rest_route=\/wp\/v2\/pages\/9730\/revisions\/9741"}],"wp:attachment":[{"href":"https:\/\/www.esjoseafonso.com\/wp\/index.php?rest_route=%2Fwp%2Fv2%2Fmedia&parent=9730"}],"curies":[{"name":"wp","href":"https:\/\/api.w.org\/{rel}","templated":true}]}}