{"id":9976,"date":"2026-01-05T19:51:36","date_gmt":"2026-01-05T18:51:36","guid":{"rendered":"https:\/\/www.esjoseafonso.com\/wp\/?page_id=9976"},"modified":"2026-01-05T22:45:02","modified_gmt":"2026-01-05T21:45:02","slug":"projetos-na-escola-2","status":"publish","type":"page","link":"https:\/\/www.esjoseafonso.com\/wp\/?page_id=9976","title":{"rendered":"PROJETOS NA ESCOLA"},"content":{"rendered":"\n<h2 id=\"TOPO\"><\/h2>\n\n\n\n<ul><li><strong><a href=\"#INTERNACIONAIS\">INTERNACIONAIS<\/a><\/strong><\/li><\/ul>\n\n\n\n<ul><li><strong><a href=\"#NACIONAIS\">NACIONAIS<\/a><\/strong><\/li><\/ul>\n\n\n\n<ul><li><a href=\"#ESCOLA\"><strong>ESCOLA<\/strong><\/a><\/li><\/ul>\n\n\n\n<div style=\"height:26px\" aria-hidden=\"true\" class=\"wp-block-spacer\"><\/div>\n\n\n\n<figure class=\"wp-block-image size-large\"><a href=\"http:\/\/www.esjoseafonso.com\/wp\/wp-content\/uploads\/2025\/09\/informacao-projetos.jpg\"><img loading=\"lazy\" width=\"673\" height=\"304\" src=\"http:\/\/www.esjoseafonso.com\/wp\/wp-content\/uploads\/2025\/09\/informacao-projetos.jpg\" alt=\"\" class=\"wp-image-9670\" srcset=\"https:\/\/www.esjoseafonso.com\/wp\/wp-content\/uploads\/2025\/09\/informacao-projetos.jpg 673w, https:\/\/www.esjoseafonso.com\/wp\/wp-content\/uploads\/2025\/09\/informacao-projetos-300x136.jpg 300w, https:\/\/www.esjoseafonso.com\/wp\/wp-content\/uploads\/2025\/09\/informacao-projetos-400x181.jpg 400w\" sizes=\"(max-width: 673px) 100vw, 673px\" \/><\/a><\/figure>\n\n\n\n<h1 class=\"has-text-align-center has-white-color has-vivid-cyan-blue-background-color has-text-color has-background\" id=\"INTERNACIONAIS\"><strong>INTERNACIONAIS<\/strong><\/h1>\n\n\n\n<div class=\"wp-block-media-text alignwide is-stacked-on-mobile\" style=\"grid-template-columns:27% auto\"><figure class=\"wp-block-media-text__media\"><a href=\"http:\/\/www.esjoseafonso.com\/wp\/wp-content\/uploads\/2026\/01\/Erasmus_2025.png\" target=\"_blank\" rel=\"noopener\"><img loading=\"lazy\" width=\"359\" height=\"400\" src=\"https:\/\/www.esjoseafonso.com\/wp\/wp-content\/uploads\/2026\/01\/Erasmus_VET_Mobility_Charter.png\" alt=\"\" class=\"wp-image-10018 size-full\" srcset=\"https:\/\/www.esjoseafonso.com\/wp\/wp-content\/uploads\/2026\/01\/Erasmus_VET_Mobility_Charter.png 359w, https:\/\/www.esjoseafonso.com\/wp\/wp-content\/uploads\/2026\/01\/Erasmus_VET_Mobility_Charter-269x300.png 269w\" sizes=\"(max-width: 359px) 100vw, 359px\" \/><\/a><\/figure><div class=\"wp-block-media-text__content\">\n<p class=\"has-large-font-size\"><a href=\"http:\/\/www.esjoseafonso.com\/wp\/wp-content\/uploads\/2026\/01\/Erasmus_2025.png\" data-type=\"URL\" target=\"_blank\" rel=\"noreferrer noopener\">Cons\u00f3rcio Erasmus+<\/a><\/p>\n<\/div><\/div>\n\n\n\n<hr class=\"wp-block-separator\"\/>\n\n\n\n<div class=\"wp-block-image\"><figure class=\"aligncenter size-large is-resized\"><a href=\"#TOPO\"><img loading=\"lazy\" src=\"https:\/\/www.esjoseafonso.com\/wp\/wp-content\/uploads\/2024\/10\/back_arrow.png\" alt=\"\" class=\"wp-image-8625\" width=\"90\" height=\"90\"\/><\/a><\/figure><\/div>\n\n\n\n<h1 class=\"has-text-align-center has-white-color has-vivid-red-background-color has-text-color has-background\" id=\"NACIONAIS\"><strong>NACIONA<\/strong>IS<\/h1>\n\n\n\n<div class=\"wp-block-media-text alignwide is-stacked-on-mobile\" style=\"grid-template-columns:23% auto\"><figure class=\"wp-block-media-text__media\"><a href=\"http:\/\/www.esjoseafonso.com\/wp\/wp-content\/uploads\/2026\/01\/Desp_Esc_2025.png\" target=\"_blank\" rel=\"noopener\"><img loading=\"lazy\" width=\"904\" height=\"604\" src=\"http:\/\/www.esjoseafonso.com\/wp\/wp-content\/uploads\/2024\/03\/logo_desporto_escolar.png\" alt=\"\" class=\"wp-image-8302 size-full\" srcset=\"https:\/\/www.esjoseafonso.com\/wp\/wp-content\/uploads\/2024\/03\/logo_desporto_escolar.png 904w, https:\/\/www.esjoseafonso.com\/wp\/wp-content\/uploads\/2024\/03\/logo_desporto_escolar-300x200.png 300w, https:\/\/www.esjoseafonso.com\/wp\/wp-content\/uploads\/2024\/03\/logo_desporto_escolar-768x513.png 768w, https:\/\/www.esjoseafonso.com\/wp\/wp-content\/uploads\/2024\/03\/logo_desporto_escolar-400x267.png 400w\" sizes=\"(max-width: 904px) 100vw, 904px\" \/><\/a><\/figure><div class=\"wp-block-media-text__content\">\n<p class=\"has-large-font-size\"><a href=\"http:\/\/www.esjoseafonso.com\/wp\/wp-content\/uploads\/2026\/01\/Desp_Esc_2025.png\" target=\"_blank\" rel=\"noreferrer noopener\">Desporto Escolar<\/a><\/p>\n<\/div><\/div>\n\n\n\n<hr class=\"wp-block-separator is-style-wide\"\/>\n\n\n\n<div class=\"wp-block-group\"><div class=\"wp-block-group__inner-container\">\n<div class=\"wp-block-columns\">\n<div class=\"wp-block-column\" style=\"flex-basis:100%\">\n<div class=\"wp-block-media-text alignwide is-stacked-on-mobile\" style=\"grid-template-columns:22% auto\"><figure class=\"wp-block-media-text__media\"><a href=\"http:\/\/www.esjoseafonso.com\/wp\/wp-content\/uploads\/2026\/01\/CCVE_2025.png\" target=\"_blank\" rel=\"noopener\"><img loading=\"lazy\" width=\"500\" height=\"500\" src=\"https:\/\/www.esjoseafonso.com\/wp\/wp-content\/uploads\/2024\/10\/CCVnE-logotipo.png\" alt=\"\" class=\"wp-image-8755 size-full\" srcset=\"https:\/\/www.esjoseafonso.com\/wp\/wp-content\/uploads\/2024\/10\/CCVnE-logotipo.png 500w, https:\/\/www.esjoseafonso.com\/wp\/wp-content\/uploads\/2024\/10\/CCVnE-logotipo-300x300.png 300w, https:\/\/www.esjoseafonso.com\/wp\/wp-content\/uploads\/2024\/10\/CCVnE-logotipo-150x150.png 150w\" sizes=\"(max-width: 500px) 100vw, 500px\" \/><\/a><\/figure><div class=\"wp-block-media-text__content\">\n<p class=\"has-large-font-size\"><a href=\"http:\/\/www.esjoseafonso.com\/wp\/wp-content\/uploads\/2026\/01\/CCVE_2025.png\" target=\"_blank\" rel=\"noreferrer noopener\">Clube Ci\u00eancia Viva na Escol<\/a><a rel=\"noreferrer noopener\" href=\"http:\/\/www.esjoseafonso.com\/wp\/wp-content\/uploads\/2026\/01\/CCVE_2025.png\" target=\"_blank\">a<\/a><\/p>\n<\/div><\/div>\n<\/div>\n<\/div>\n<\/div><\/div>\n\n\n\n<hr class=\"wp-block-separator is-style-wide\"\/>\n\n\n\n<div class=\"wp-block-media-text alignwide is-stacked-on-mobile is-vertically-aligned-center\" style=\"grid-template-columns:22% auto\"><figure class=\"wp-block-media-text__media\"><a href=\"http:\/\/www.esjoseafonso.com\/wp\/wp-content\/uploads\/2026\/01\/Todos-ALER_2025.png\" target=\"_blank\" rel=\"noopener\"><img loading=\"lazy\" width=\"500\" height=\"500\" src=\"https:\/\/www.esjoseafonso.com\/wp\/wp-content\/uploads\/2024\/10\/Logo-TodosAlerMelhor.png\" alt=\"\" class=\"wp-image-8756 size-full\" srcset=\"https:\/\/www.esjoseafonso.com\/wp\/wp-content\/uploads\/2024\/10\/Logo-TodosAlerMelhor.png 500w, https:\/\/www.esjoseafonso.com\/wp\/wp-content\/uploads\/2024\/10\/Logo-TodosAlerMelhor-300x300.png 300w, https:\/\/www.esjoseafonso.com\/wp\/wp-content\/uploads\/2024\/10\/Logo-TodosAlerMelhor-150x150.png 150w\" sizes=\"(max-width: 500px) 100vw, 500px\" \/><\/a><\/figure><div class=\"wp-block-media-text__content\">\n<p class=\"has-large-font-size\"><a href=\"http:\/\/www.esjoseafonso.com\/wp\/wp-content\/uploads\/2026\/01\/Todos-ALER_2025.png\" target=\"_blank\" rel=\"noreferrer noopener\">TODOS ALER+ e melhor<\/a><\/p>\n<\/div><\/div>\n\n\n\n<hr class=\"wp-block-separator is-style-wide\"\/>\n\n\n\n<div class=\"wp-block-media-text alignwide is-stacked-on-mobile\" style=\"grid-template-columns:22% auto\"><figure class=\"wp-block-media-text__media\"><a href=\"http:\/\/www.esjoseafonso.com\/wp\/wp-content\/uploads\/2026\/01\/Eco-Escolas_2025.png\" target=\"_blank\" rel=\"noopener\"><img loading=\"lazy\" width=\"659\" height=\"297\" src=\"http:\/\/www.esjoseafonso.com\/wp\/wp-content\/uploads\/2020\/10\/eco-escolas2.png\" alt=\"\" class=\"wp-image-5276 size-full\" srcset=\"https:\/\/www.esjoseafonso.com\/wp\/wp-content\/uploads\/2020\/10\/eco-escolas2.png 659w, https:\/\/www.esjoseafonso.com\/wp\/wp-content\/uploads\/2020\/10\/eco-escolas2-300x135.png 300w, https:\/\/www.esjoseafonso.com\/wp\/wp-content\/uploads\/2020\/10\/eco-escolas2-400x180.png 400w\" sizes=\"(max-width: 659px) 100vw, 659px\" \/><\/a><\/figure><div class=\"wp-block-media-text__content\">\n<p class=\"has-large-font-size\"><a href=\"http:\/\/www.esjoseafonso.com\/wp\/wp-content\/uploads\/2026\/01\/Eco-Escolas_2025.png\" target=\"_blank\" rel=\"noreferrer noopener\">Eco-Escolas<\/a><\/p>\n<\/div><\/div>\n\n\n\n<hr class=\"wp-block-separator is-style-wide\"\/>\n\n\n\n<div class=\"wp-block-media-text alignwide is-stacked-on-mobile\" style=\"grid-template-columns:22% auto\"><figure class=\"wp-block-media-text__media\"><a href=\"http:\/\/www.esjoseafonso.com\/wp\/wp-content\/uploads\/2026\/01\/PNC_2025.png\" target=\"_blank\" rel=\"noopener\"><img loading=\"lazy\" width=\"1024\" height=\"300\" src=\"http:\/\/www.esjoseafonso.com\/wp\/wp-content\/uploads\/2024\/10\/PNC_cabecalho-1024x300.jpg\" alt=\"\" class=\"wp-image-8757 size-full\" srcset=\"https:\/\/www.esjoseafonso.com\/wp\/wp-content\/uploads\/2024\/10\/PNC_cabecalho-1024x300.jpg 1024w, https:\/\/www.esjoseafonso.com\/wp\/wp-content\/uploads\/2024\/10\/PNC_cabecalho-300x88.jpg 300w, https:\/\/www.esjoseafonso.com\/wp\/wp-content\/uploads\/2024\/10\/PNC_cabecalho-768x225.jpg 768w, https:\/\/www.esjoseafonso.com\/wp\/wp-content\/uploads\/2024\/10\/PNC_cabecalho-1536x450.jpg 1536w, https:\/\/www.esjoseafonso.com\/wp\/wp-content\/uploads\/2024\/10\/PNC_cabecalho-2048x600.jpg 2048w, https:\/\/www.esjoseafonso.com\/wp\/wp-content\/uploads\/2024\/10\/PNC_cabecalho-400x117.jpg 400w\" sizes=\"(max-width: 1024px) 100vw, 1024px\" \/><\/a><\/figure><div class=\"wp-block-media-text__content\">\n<p class=\"has-large-font-size\"><a href=\"http:\/\/www.esjoseafonso.com\/wp\/wp-content\/uploads\/2026\/01\/PNC_2025.png\" target=\"_blank\" rel=\"noreferrer noopener\">PNC+ESJA<\/a><\/p>\n<\/div><\/div>\n\n\n\n<hr class=\"wp-block-separator is-style-wide\"\/>\n\n\n\n<div class=\"wp-block-media-text alignwide is-stacked-on-mobile\" style=\"grid-template-columns:22% auto\"><figure class=\"wp-block-media-text__media\"><a href=\"http:\/\/www.esjoseafonso.com\/wp\/wp-content\/uploads\/2026\/01\/Parlamento-dos-Jovens_2025.png\" target=\"_blank\" rel=\"noopener\"><img loading=\"lazy\" width=\"186\" height=\"170\" src=\"http:\/\/www.esjoseafonso.com\/wp\/wp-content\/uploads\/2024\/03\/logo_PJ_HP_2.jpg\" alt=\"\" class=\"wp-image-8318 size-full\"\/><\/a><\/figure><div class=\"wp-block-media-text__content\">\n<p class=\"has-large-font-size\"><a href=\"http:\/\/www.esjoseafonso.com\/wp\/wp-content\/uploads\/2026\/01\/Parlamento-dos-Jovens_2025.png\" target=\"_blank\" rel=\"noreferrer noopener\">Parlamento dos Jovens projetos externos<\/a><\/p>\n<\/div><\/div>\n\n\n\n<hr class=\"wp-block-separator is-style-wide\"\/>\n\n\n\n<div class=\"wp-block-media-text alignwide is-stacked-on-mobile\" style=\"grid-template-columns:21% auto\"><figure class=\"wp-block-media-text__media\"><a href=\"http:\/\/www.esjoseafonso.com\/wp\/wp-content\/uploads\/2026\/01\/Orcamento-Participativo_2025.png\" target=\"_blank\" rel=\"noopener\"><img loading=\"lazy\" width=\"182\" height=\"116\" src=\"https:\/\/www.esjoseafonso.com\/wp\/wp-content\/uploads\/2024\/10\/ope.png\" alt=\"\" class=\"wp-image-8770 size-full\"\/><\/a><\/figure><div class=\"wp-block-media-text__content\">\n<p class=\"has-large-font-size\"><a href=\"http:\/\/www.esjoseafonso.com\/wp\/wp-content\/uploads\/2026\/01\/Orcamento-Participativo_2025.png\" target=\"_blank\" rel=\"noreferrer noopener\">Or\u00e7amento Participativo<\/a><\/p>\n<\/div><\/div>\n\n\n\n<hr class=\"wp-block-separator is-style-wide\"\/>\n\n\n\n<div class=\"wp-block-media-text alignwide is-stacked-on-mobile\" style=\"grid-template-columns:21% auto\"><figure class=\"wp-block-media-text__media\"><a href=\"http:\/\/www.esjoseafonso.com\/wp\/wp-content\/uploads\/2026\/01\/PNA_2025.png\" target=\"_blank\" rel=\"noopener\"><img loading=\"lazy\" width=\"953\" height=\"939\" src=\"https:\/\/www.esjoseafonso.com\/wp\/wp-content\/uploads\/2024\/10\/PNA_2.png\" alt=\"\" class=\"wp-image-8772 size-full\" srcset=\"https:\/\/www.esjoseafonso.com\/wp\/wp-content\/uploads\/2024\/10\/PNA_2.png 953w, https:\/\/www.esjoseafonso.com\/wp\/wp-content\/uploads\/2024\/10\/PNA_2-300x296.png 300w, https:\/\/www.esjoseafonso.com\/wp\/wp-content\/uploads\/2024\/10\/PNA_2-768x757.png 768w, https:\/\/www.esjoseafonso.com\/wp\/wp-content\/uploads\/2024\/10\/PNA_2-304x300.png 304w\" sizes=\"(max-width: 953px) 100vw, 953px\" \/><\/a><\/figure><div class=\"wp-block-media-text__content\">\n<p class=\"has-large-font-size\"><a href=\"http:\/\/www.esjoseafonso.com\/wp\/wp-content\/uploads\/2026\/01\/PNA_2025.png\" target=\"_blank\" rel=\"noreferrer noopener\">Plano Nacional das Artes<\/a><\/p>\n<\/div><\/div>\n\n\n\n<hr class=\"wp-block-separator is-style-wide\"\/>\n\n\n\n<div class=\"wp-block-media-text alignwide is-stacked-on-mobile\" style=\"grid-template-columns:20% auto\"><figure class=\"wp-block-media-text__media\"><a href=\"http:\/\/www.esjoseafonso.com\/wp\/wp-content\/uploads\/2026\/01\/PES_2025.png\" target=\"_blank\" rel=\"noopener\"><img loading=\"lazy\" width=\"125\" height=\"110\" src=\"https:\/\/www.esjoseafonso.com\/wp\/wp-content\/uploads\/2024\/10\/PES.jpg\" alt=\"\" class=\"wp-image-8774 size-full\"\/><\/a><\/figure><div class=\"wp-block-media-text__content\">\n<p class=\"has-large-font-size\"><a href=\"http:\/\/www.esjoseafonso.com\/wp\/wp-content\/uploads\/2026\/01\/PES_2025.png\" target=\"_blank\" rel=\"noreferrer noopener\">Projeto Educa\u00e7\u00e3o para a Sa\u00fade<\/a><\/p>\n<\/div><\/div>\n\n\n\n<hr class=\"wp-block-separator\"\/>\n\n\n\n<div class=\"wp-block-image\"><figure class=\"aligncenter size-large is-resized\"><a href=\"#TOPO\"><img loading=\"lazy\" src=\"http:\/\/www.esjoseafonso.com\/wp\/wp-content\/uploads\/2024\/10\/back_arrow.png\" alt=\"\" class=\"wp-image-8625\" width=\"90\" height=\"90\"\/><\/a><\/figure><\/div>\n\n\n\n<h1 class=\"has-text-align-center has-white-color has-luminous-vivid-orange-background-color has-text-color has-background\" id=\"ESCOLA\"><strong>ESCOLA<\/strong><\/h1>\n\n\n\n<div class=\"wp-block-media-text alignwide is-stacked-on-mobile\" style=\"grid-template-columns:26% auto\"><figure class=\"wp-block-media-text__media\"><a href=\"http:\/\/www.esjoseafonso.com\/wp\/wp-content\/uploads\/2026\/01\/Clube-Robotica_2025.png\" target=\"_blank\" rel=\"noopener\"><img loading=\"lazy\" width=\"1024\" height=\"439\" src=\"https:\/\/www.esjoseafonso.com\/wp\/wp-content\/uploads\/2026\/01\/Logo-Clube-Programacao-e-Robotica_A_transp-1024x439.png\" alt=\"\" class=\"wp-image-10020 size-full\" srcset=\"https:\/\/www.esjoseafonso.com\/wp\/wp-content\/uploads\/2026\/01\/Logo-Clube-Programacao-e-Robotica_A_transp-1024x439.png 1024w, https:\/\/www.esjoseafonso.com\/wp\/wp-content\/uploads\/2026\/01\/Logo-Clube-Programacao-e-Robotica_A_transp-300x129.png 300w, https:\/\/www.esjoseafonso.com\/wp\/wp-content\/uploads\/2026\/01\/Logo-Clube-Programacao-e-Robotica_A_transp-768x329.png 768w, https:\/\/www.esjoseafonso.com\/wp\/wp-content\/uploads\/2026\/01\/Logo-Clube-Programacao-e-Robotica_A_transp-400x171.png 400w, https:\/\/www.esjoseafonso.com\/wp\/wp-content\/uploads\/2026\/01\/Logo-Clube-Programacao-e-Robotica_A_transp.png 1094w\" sizes=\"(max-width: 1024px) 100vw, 1024px\" \/><\/a><\/figure><div class=\"wp-block-media-text__content\">\n<p class=\"has-large-font-size\"><a href=\"http:\/\/www.esjoseafonso.com\/wp\/wp-content\/uploads\/2026\/01\/Clube-Robotica_2025.png\" target=\"_blank\" rel=\"noreferrer noopener\">Clube de Programa\u00e7\u00e3o e Rob\u00f3tica<\/a><\/p>\n<\/div><\/div>\n\n\n\n<hr class=\"wp-block-separator is-style-wide\"\/>\n\n\n\n<div class=\"wp-block-media-text alignwide is-stacked-on-mobile\" style=\"grid-template-columns:25% auto\"><figure class=\"wp-block-media-text__media\"><a href=\"http:\/\/www.esjoseafonso.com\/wp\/wp-content\/uploads\/2026\/01\/Teatro_2025.png\" target=\"_blank\" rel=\"noopener\"><img loading=\"lazy\" width=\"500\" height=\"500\" src=\"https:\/\/www.esjoseafonso.com\/wp\/wp-content\/uploads\/2024\/10\/Logotipo.png\" alt=\"\" class=\"wp-image-8837 size-full\" srcset=\"https:\/\/www.esjoseafonso.com\/wp\/wp-content\/uploads\/2024\/10\/Logotipo.png 500w, https:\/\/www.esjoseafonso.com\/wp\/wp-content\/uploads\/2024\/10\/Logotipo-300x300.png 300w, https:\/\/www.esjoseafonso.com\/wp\/wp-content\/uploads\/2024\/10\/Logotipo-150x150.png 150w\" sizes=\"(max-width: 500px) 100vw, 500px\" \/><\/a><\/figure><div class=\"wp-block-media-text__content\">\n<p class=\"has-large-font-size\"><a href=\"http:\/\/www.esjoseafonso.com\/wp\/wp-content\/uploads\/2026\/01\/Teatro_2025.png\" target=\"_blank\" rel=\"noreferrer noopener\">N\u00facleo de Teatro da ESJA<\/a><\/p>\n<\/div><\/div>\n\n\n\n<hr class=\"wp-block-separator is-style-wide\"\/>\n\n\n\n<div class=\"wp-block-media-text alignwide is-stacked-on-mobile\" style=\"grid-template-columns:25% auto\"><figure class=\"wp-block-media-text__media\"><a href=\"http:\/\/www.esjoseafonso.com\/wp\/wp-content\/uploads\/2026\/01\/English-Reading-Club_2025.png\" target=\"_blank\" rel=\"noopener\"><img loading=\"lazy\" width=\"266\" height=\"266\" src=\"https:\/\/www.esjoseafonso.com\/wp\/wp-content\/uploads\/2024\/10\/English-Reading-and-Drama-Club.png\" alt=\"\" class=\"wp-image-8838 size-full\" srcset=\"https:\/\/www.esjoseafonso.com\/wp\/wp-content\/uploads\/2024\/10\/English-Reading-and-Drama-Club.png 266w, https:\/\/www.esjoseafonso.com\/wp\/wp-content\/uploads\/2024\/10\/English-Reading-and-Drama-Club-150x150.png 150w\" sizes=\"(max-width: 266px) 100vw, 266px\" \/><\/a><\/figure><div class=\"wp-block-media-text__content\">\n<p class=\"has-large-font-size\"><a href=\"http:\/\/www.esjoseafonso.com\/wp\/wp-content\/uploads\/2026\/01\/English-Reading-Club_2025.png\" target=\"_blank\" rel=\"noreferrer noopener\">English Reading and Drama Club<\/a><\/p>\n<\/div><\/div>\n\n\n\n<hr class=\"wp-block-separator is-style-wide\"\/>\n\n\n\n<div class=\"wp-block-media-text alignwide is-stacked-on-mobile\" style=\"grid-template-columns:24% auto\"><figure class=\"wp-block-media-text__media\"><a href=\"http:\/\/www.esjoseafonso.com\/wp\/wp-content\/uploads\/2026\/01\/Clube-Voluntariado_2025.png\" target=\"_blank\" rel=\"noopener\"><img loading=\"lazy\" width=\"455\" height=\"243\" src=\"https:\/\/www.esjoseafonso.com\/wp\/wp-content\/uploads\/2024\/10\/CLUBE-DOVOLUNTARIADO.png\" alt=\"\" class=\"wp-image-8839 size-full\" srcset=\"https:\/\/www.esjoseafonso.com\/wp\/wp-content\/uploads\/2024\/10\/CLUBE-DOVOLUNTARIADO.png 455w, https:\/\/www.esjoseafonso.com\/wp\/wp-content\/uploads\/2024\/10\/CLUBE-DOVOLUNTARIADO-300x160.png 300w, https:\/\/www.esjoseafonso.com\/wp\/wp-content\/uploads\/2024\/10\/CLUBE-DOVOLUNTARIADO-400x214.png 400w\" sizes=\"(max-width: 455px) 100vw, 455px\" \/><\/a><\/figure><div class=\"wp-block-media-text__content\">\n<p class=\"has-large-font-size\"><a href=\"http:\/\/www.esjoseafonso.com\/wp\/wp-content\/uploads\/2026\/01\/Clube-Voluntariado_2025.png\" target=\"_blank\" rel=\"noreferrer noopener\">Clube do Voluntariado<\/a><\/p>\n<\/div><\/div>\n\n\n\n<hr class=\"wp-block-separator is-style-wide\"\/>\n\n\n\n<div class=\"wp-block-media-text alignwide is-stacked-on-mobile\" style=\"grid-template-columns:23% auto\"><figure class=\"wp-block-media-text__media\"><a href=\"http:\/\/www.esjoseafonso.com\/wp\/wp-content\/uploads\/2026\/01\/Campo-ferias_2025.png\" target=\"_blank\" rel=\"noopener\"><img loading=\"lazy\" width=\"190\" height=\"168\" src=\"https:\/\/www.esjoseafonso.com\/wp\/wp-content\/uploads\/2024\/10\/Campo_de_Ferias.png\" alt=\"\" class=\"wp-image-8840 size-full\"\/><\/a><\/figure><div class=\"wp-block-media-text__content\">\n<p class=\"has-large-font-size\"><a href=\"http:\/\/www.esjoseafonso.com\/wp\/wp-content\/uploads\/2026\/01\/Campo-ferias_2025.png\" target=\"_blank\" rel=\"noreferrer noopener\">Campo de F\u00e9rias<\/a><\/p>\n<\/div><\/div>\n\n\n\n<hr class=\"wp-block-separator has-text-color has-background has-black-background-color has-black-color is-style-wide\"\/>\n\n\n\n<div class=\"wp-block-media-text alignwide is-stacked-on-mobile\" style=\"grid-template-columns:24% auto\"><figure class=\"wp-block-media-text__media\"><a href=\"http:\/\/www.esjoseafonso.com\/wp\/wp-content\/uploads\/2026\/01\/Radio-JAFM_2025.png\" target=\"_blank\" rel=\"noopener\"><img loading=\"lazy\" width=\"500\" height=\"500\" src=\"https:\/\/www.esjoseafonso.com\/wp\/wp-content\/uploads\/2024\/12\/Logo-simples-JA-FM.png\" alt=\"\" class=\"wp-image-8949 size-full\" srcset=\"https:\/\/www.esjoseafonso.com\/wp\/wp-content\/uploads\/2024\/12\/Logo-simples-JA-FM.png 500w, https:\/\/www.esjoseafonso.com\/wp\/wp-content\/uploads\/2024\/12\/Logo-simples-JA-FM-300x300.png 300w, https:\/\/www.esjoseafonso.com\/wp\/wp-content\/uploads\/2024\/12\/Logo-simples-JA-FM-150x150.png 150w\" sizes=\"(max-width: 500px) 100vw, 500px\" \/><\/a><\/figure><div class=\"wp-block-media-text__content\">\n<p class=\"has-large-font-size\"><a href=\"http:\/\/www.esjoseafonso.com\/wp\/wp-content\/uploads\/2026\/01\/Radio-JAFM_2025.png\" target=\"_blank\" rel=\"noreferrer noopener\">R\u00e1dio Escolar<\/a><\/p>\n<\/div><\/div>\n\n\n\n<hr class=\"wp-block-separator has-text-color has-background has-black-background-color has-black-color is-style-wide\"\/>\n\n\n\n<div class=\"wp-block-media-text alignwide is-stacked-on-mobile\" style=\"grid-template-columns:24% auto\"><figure class=\"wp-block-media-text__media\"><a href=\"http:\/\/www.esjoseafonso.com\/wp\/wp-content\/uploads\/2026\/01\/Literacia-Financeira_2025-1.png\" target=\"_blank\" rel=\"noopener\"><img loading=\"lazy\" width=\"241\" height=\"143\" src=\"https:\/\/www.esjoseafonso.com\/wp\/wp-content\/uploads\/2026\/01\/Literacia-Financeira_2025.png\" alt=\"\" class=\"wp-image-10045 size-full\"\/><\/a><\/figure><div class=\"wp-block-media-text__content\">\n<p class=\"has-large-font-size\"><a href=\"http:\/\/www.esjoseafonso.com\/wp\/wp-content\/uploads\/2026\/01\/Literacia-Financeira_2025-1.png\" target=\"_blank\" rel=\"noreferrer noopener\">Literacia Financeira e Educa\u00e7\u00e3o Para o Consumo<\/a><\/p>\n<\/div><\/div>\n\n\n\n<hr class=\"wp-block-separator is-style-wide\"\/>\n\n\n\n<div class=\"wp-block-media-text alignwide is-stacked-on-mobile\" style=\"grid-template-columns:24% auto\"><figure class=\"wp-block-media-text__media\"><a href=\"http:\/\/www.esjoseafonso.com\/wp\/wp-content\/uploads\/2026\/01\/Mentoria-de-Pares_2025.png\" target=\"_blank\" rel=\"noopener\"><img loading=\"lazy\" width=\"266\" height=\"148\" src=\"https:\/\/www.esjoseafonso.com\/wp\/wp-content\/uploads\/2026\/01\/Mentoria-de-Pares_2025_logo.png\" alt=\"\" class=\"wp-image-10046 size-full\"\/><\/a><\/figure><div class=\"wp-block-media-text__content\">\n<p class=\"has-large-font-size\"><a href=\"http:\/\/www.esjoseafonso.com\/wp\/wp-content\/uploads\/2026\/01\/Mentoria-de-Pares_2025.png\" target=\"_blank\" rel=\"noreferrer noopener\">Mentoria de Pares \u201cD\u00e1-te Asas\u201d<\/a><\/p>\n<\/div><\/div>\n\n\n\n<hr class=\"wp-block-separator is-style-wide\"\/>\n\n\n\n<div class=\"wp-block-media-text alignwide is-stacked-on-mobile\" style=\"grid-template-columns:23% auto\"><figure class=\"wp-block-media-text__media\"><a href=\"http:\/\/www.esjoseafonso.com\/wp\/wp-content\/uploads\/2026\/01\/Lab.-Filosofia_2025.png\" target=\"_blank\" rel=\"noopener\"><img loading=\"lazy\" width=\"200\" height=\"200\" src=\"https:\/\/www.esjoseafonso.com\/wp\/wp-content\/uploads\/2024\/12\/manga.jpg\" alt=\"\" class=\"wp-image-8950 size-full\" srcset=\"https:\/\/www.esjoseafonso.com\/wp\/wp-content\/uploads\/2024\/12\/manga.jpg 200w, https:\/\/www.esjoseafonso.com\/wp\/wp-content\/uploads\/2024\/12\/manga-150x150.jpg 150w\" sizes=\"(max-width: 200px) 100vw, 200px\" \/><\/a><\/figure><div class=\"wp-block-media-text__content\">\n<p class=\"has-large-font-size\"><a href=\"http:\/\/www.esjoseafonso.com\/wp\/wp-content\/uploads\/2026\/01\/Lab.-Filosofia_2025.png\" target=\"_blank\" rel=\"noreferrer noopener\">Laborat\u00f3rio de Filosofia<\/a><\/p>\n<\/div><\/div>\n\n\n\n<hr class=\"wp-block-separator is-style-wide\"\/>\n\n\n\n<div class=\"wp-block-media-text alignwide is-stacked-on-mobile\" style=\"grid-template-columns:23% auto\"><figure class=\"wp-block-media-text__media\"><a href=\"http:\/\/www.esjoseafonso.com\/wp\/wp-content\/uploads\/2026\/01\/Clube-de-Manga_2025.png\" target=\"_blank\" rel=\"noopener\"><img loading=\"lazy\" width=\"200\" height=\"200\" src=\"https:\/\/www.esjoseafonso.com\/wp\/wp-content\/uploads\/2024\/12\/manga.jpg\" alt=\"\" class=\"wp-image-8950 size-full\" srcset=\"https:\/\/www.esjoseafonso.com\/wp\/wp-content\/uploads\/2024\/12\/manga.jpg 200w, https:\/\/www.esjoseafonso.com\/wp\/wp-content\/uploads\/2024\/12\/manga-150x150.jpg 150w\" sizes=\"(max-width: 200px) 100vw, 200px\" \/><\/a><\/figure><div class=\"wp-block-media-text__content\">\n<p class=\"has-large-font-size\"><a href=\"http:\/\/www.esjoseafonso.com\/wp\/wp-content\/uploads\/2026\/01\/Clube-de-Manga_2025.png\" target=\"_blank\" rel=\"noreferrer noopener\">Clube Mang\u00e1<\/a><\/p>\n<\/div><\/div>\n\n\n\n<hr class=\"wp-block-separator is-style-wide\"\/>\n\n\n\n<div class=\"wp-block-image is-style-default\"><figure class=\"aligncenter size-large\"><a href=\"#TOPO\"><img loading=\"lazy\" width=\"128\" height=\"128\" src=\"http:\/\/www.esjoseafonso.com\/wp\/wp-content\/uploads\/2024\/10\/back_arrow.png\" alt=\"\" class=\"wp-image-8625\"\/><\/a><\/figure><\/div>\n\n\n\n<hr class=\"wp-block-separator\"\/>\n\n\n\n<p><\/p>\n<div class=\"al2fb_like_button\"><script src=\"http:\/\/connect.facebook.net\/pt_PT\/all.js#xfbml=1\"><\/script><fb:like href=\"https:\/\/www.esjoseafonso.com\/wp\/?page_id=9976\" layout=\"standard\" show_faces=\"true\" width=\"450\" action=\"like\" font=\"arial\" colorscheme=\"light\" ref=\"AL2FB\"><\/fb:like><\/div>","protected":false},"excerpt":{"rendered":"<p>INTERNACIONAIS NACIONAIS ESCOLA INTERNACIONAIS Cons\u00f3rcio Erasmus+ NACIONAIS Desporto Escolar TODOS ALER+ e melhor Eco-Escolas PNC+ESJA Parlamento dos Jovens projetos externos Or\u00e7amento Participativo Plano Nacional das Artes Projeto Educa\u00e7\u00e3o para a Sa\u00fade ESCOLA Clube de Programa\u00e7\u00e3o e Rob\u00f3tica N\u00facleo de Teatro da ESJA English Reading and Drama Club Clube do Voluntariado Campo de F\u00e9rias R\u00e1dio Escolar [&hellip;]<\/p>\n","protected":false},"author":1,"featured_media":0,"parent":0,"menu_order":0,"comment_status":"closed","ping_status":"closed","template":"","meta":{"ngg_post_thumbnail":0,"_links_to":"","_links_to_target":""},"_links":{"self":[{"href":"https:\/\/www.esjoseafonso.com\/wp\/index.php?rest_route=\/wp\/v2\/pages\/9976"}],"collection":[{"href":"https:\/\/www.esjoseafonso.com\/wp\/index.php?rest_route=\/wp\/v2\/pages"}],"about":[{"href":"https:\/\/www.esjoseafonso.com\/wp\/index.php?rest_route=\/wp\/v2\/types\/page"}],"author":[{"embeddable":true,"href":"https:\/\/www.esjoseafonso.com\/wp\/index.php?rest_route=\/wp\/v2\/users\/1"}],"replies":[{"embeddable":true,"href":"https:\/\/www.esjoseafonso.com\/wp\/index.php?rest_route=%2Fwp%2Fv2%2Fcomments&post=9976"}],"version-history":[{"count":20,"href":"https:\/\/www.esjoseafonso.com\/wp\/index.php?rest_route=\/wp\/v2\/pages\/9976\/revisions"}],"predecessor-version":[{"id":10070,"href":"https:\/\/www.esjoseafonso.com\/wp\/index.php?rest_route=\/wp\/v2\/pages\/9976\/revisions\/10070"}],"wp:attachment":[{"href":"https:\/\/www.esjoseafonso.com\/wp\/index.php?rest_route=%2Fwp%2Fv2%2Fmedia&parent=9976"}],"curies":[{"name":"wp","href":"https:\/\/api.w.org\/{rel}","templated":true}]}}